{"id":22160,"date":"2025-08-31T06:47:05","date_gmt":"2025-08-31T05:47:05","guid":{"rendered":"https:\/\/www.vedab.se\/?post_type=product&#038;p=22160"},"modified":"2026-05-02T04:35:58","modified_gmt":"2026-05-02T03:35:58","slug":"bjorkved-40liters-skargardsleverans","status":"publish","type":"product","link":"https:\/\/www.vedab.se\/en\/product\/bjorkved-40liters-skargardsleverans\/","title":{"rendered":"Bj\u00f6rkved 14&#215;40-liters Sk\u00e4rg\u00e5rdsleverans"},"content":{"rendered":"<p>Torkad bj\u00f6rkved i 40-literss\u00e4ck, totalt 14 st p\u00e5 pall. H\u00f6gsta kvalitet, l\u00e4tt att t\u00e4nda och brinner optimalt. Veden torkas fabriksm\u00e4ssigt och h\u00e5lls torr under hela leveranskedjan. L\u00e4ngd \u00e4r 23-26 cm och diameter 6-15 cm. De \u00e4r v\u00e4l packade och \u00e4r l\u00e4tta att hantera. Det ing\u00e5r 2 st sm\u00e5 p\u00e5sar t\u00e4ndved. S\u00e4ckarna leverans av fraktbolaget Sk\u00e4rg\u00e5rda, se <a href=\"https:\/\/skargarda.se\/\">Sk\u00e4rg\u00e5rda \u2013 Hemleveranser i Stockholms sk\u00e4rg\u00e5rd.<\/a><\/p>","protected":false},"excerpt":{"rendered":"<p>Torkad bj\u00f6rkved i 40 literss\u00e4ck, totalt 14 st p\u00e5 pall + 2 sm\u00e5 s\u00e4ckar t\u00e4ndved.\u00a0 H\u00f6gsta kvalitet, l\u00e4tt att t\u00e4nda och brinner optimalt. S\u00e4ckarna leverans av fraktbolaget Sk\u00e4rg\u00e5rda, se <a href=\"https:\/\/skargarda.se\/\">Sk\u00e4rg\u00e5rda \u2013 Hemleveranser i Stockholms sk\u00e4rg\u00e5rd.<\/a><\/p>","protected":false},"featured_media":21425,"comment_status":"closed","ping_status":"closed","template":"","meta":[],"product_brand":[],"product_cat":[159],"product_tag":[],"class_list":{"0":"post-22160","1":"product","2":"type-product","3":"status-publish","4":"has-post-thumbnail","6":"product_cat-ved","7":"product_shipping_class-kranbil","9":"first","10":"instock","11":"sold-individually","12":"shipping-taxable","13":"purchasable","14":"product-type-variable","15":"has-default-attributes"},"_links":{"self":[{"href":"https:\/\/www.vedab.se\/en\/wp-json\/wp\/v2\/product\/22160","targetHints":{"allow":["GET"]}}],"collection":[{"href":"https:\/\/www.vedab.se\/en\/wp-json\/wp\/v2\/product"}],"about":[{"href":"https:\/\/www.vedab.se\/en\/wp-json\/wp\/v2\/types\/product"}],"replies":[{"embeddable":true,"href":"https:\/\/www.vedab.se\/en\/wp-json\/wp\/v2\/comments?post=22160"}],"wp:featuredmedia":[{"embeddable":true,"href":"https:\/\/www.vedab.se\/en\/wp-json\/wp\/v2\/media\/21425"}],"wp:attachment":[{"href":"https:\/\/www.vedab.se\/en\/wp-json\/wp\/v2\/media?parent=22160"}],"wp:term":[{"taxonomy":"product_brand","embeddable":true,"href":"https:\/\/www.vedab.se\/en\/wp-json\/wp\/v2\/product_brand?post=22160"},{"taxonomy":"product_cat","embeddable":true,"href":"https:\/\/www.vedab.se\/en\/wp-json\/wp\/v2\/product_cat?post=22160"},{"taxonomy":"product_tag","embeddable":true,"href":"https:\/\/www.vedab.se\/en\/wp-json\/wp\/v2\/product_tag?post=22160"}],"curies":[{"name":"wp","href":"https:\/\/api.w.org\/{rel}","templated":true}]}}