{"id":22149,"date":"2025-08-31T06:12:15","date_gmt":"2025-08-31T05:12:15","guid":{"rendered":"https:\/\/www.vedab.se\/?post_type=product&#038;p=22149"},"modified":"2025-08-31T06:46:32","modified_gmt":"2025-08-31T05:46:32","slug":"sack_skargarden","status":"publish","type":"product","link":"https:\/\/www.vedab.se\/en\/product\/sack_skargarden\/","title":{"rendered":"Bj\u00f6rkved Stors\u00e4ck Sk\u00e4rg\u00e5rdsleverans"},"content":{"rendered":"<p>Torkad bj\u00f6rkved i stors\u00e4ck, totalt 1 m3 stj\u00e4lpt ved. Veden har den absolut h\u00f6gsta kvalitet, s\u00e5 den \u00e4r l\u00e4tt att t\u00e4nda, brinner bra med h\u00f6gt v\u00e4rmev\u00e4rde. Veden \u00e4r torr och skyddad under hela leveranskedjan fr\u00e5n torkningsprocess till leverans hem till dig.\u00a0 De \u00e4r v\u00e4l packade och \u00e4r l\u00e4tta att hantera. Du kan beh\u00e5lla veden i s\u00e4cken som en liten vedbod eller s\u00e5 staplar du i din egen vedbod\/lager. S\u00e4cken leverans av fraktbolaget Sk\u00e4rg\u00e5rda, se\u00a0<a href=\"https:\/\/skargarda.se\/\">Sk\u00e4rg\u00e5rda \u2013 Hemleveranser i Stockholms sk\u00e4rg\u00e5rd.<\/a><\/p>","protected":false},"excerpt":{"rendered":"<p>Torkad bj\u00f6rkved i stors\u00e4ck (1 m\u00b3 stj\u00e4lpt m\u00e5tt) h\u00e5ller h\u00f6gsta kvalitet, \u00e4r l\u00e4tt att t\u00e4nda, brinner effektivt med h\u00f6gt v\u00e4rmev\u00e4rde och levereras torr. S\u00e4cken leverans av fraktbolaget Sk\u00e4rg\u00e5rda, se\u00a0<a href=\"https:\/\/skargarda.se\/\">Sk\u00e4rg\u00e5rda \u2013 Hemleveranser i Stockholms sk\u00e4rg\u00e5rd.<\/a><\/p>","protected":false},"featured_media":21425,"comment_status":"closed","ping_status":"closed","template":"","meta":[],"product_brand":[],"product_cat":[159],"product_tag":[],"class_list":{"0":"post-22149","1":"product","2":"type-product","3":"status-publish","4":"has-post-thumbnail","6":"product_cat-ved","7":"product_shipping_class-kranbil","9":"first","10":"instock","11":"sold-individually","12":"shipping-taxable","13":"purchasable","14":"product-type-variable","15":"has-default-attributes"},"_links":{"self":[{"href":"https:\/\/www.vedab.se\/en\/wp-json\/wp\/v2\/product\/22149","targetHints":{"allow":["GET"]}}],"collection":[{"href":"https:\/\/www.vedab.se\/en\/wp-json\/wp\/v2\/product"}],"about":[{"href":"https:\/\/www.vedab.se\/en\/wp-json\/wp\/v2\/types\/product"}],"replies":[{"embeddable":true,"href":"https:\/\/www.vedab.se\/en\/wp-json\/wp\/v2\/comments?post=22149"}],"wp:featuredmedia":[{"embeddable":true,"href":"https:\/\/www.vedab.se\/en\/wp-json\/wp\/v2\/media\/21425"}],"wp:attachment":[{"href":"https:\/\/www.vedab.se\/en\/wp-json\/wp\/v2\/media?parent=22149"}],"wp:term":[{"taxonomy":"product_brand","embeddable":true,"href":"https:\/\/www.vedab.se\/en\/wp-json\/wp\/v2\/product_brand?post=22149"},{"taxonomy":"product_cat","embeddable":true,"href":"https:\/\/www.vedab.se\/en\/wp-json\/wp\/v2\/product_cat?post=22149"},{"taxonomy":"product_tag","embeddable":true,"href":"https:\/\/www.vedab.se\/en\/wp-json\/wp\/v2\/product_tag?post=22149"}],"curies":[{"name":"wp","href":"https:\/\/api.w.org\/{rel}","templated":true}]}}