{"id":22015,"date":"2025-06-06T17:25:01","date_gmt":"2025-06-06T16:25:01","guid":{"rendered":"https:\/\/www.vedab.se\/?post_type=product&#038;p=22015"},"modified":"2026-04-25T11:11:06","modified_gmt":"2026-04-25T10:11:06","slug":"bjorkved-storsack","status":"publish","type":"product","link":"https:\/\/www.vedab.se\/en\/product\/bjorkved-storsack\/","title":{"rendered":"Bj\u00f6rkved Stors\u00e4ck"},"content":{"rendered":"<h2>Torkad bj\u00f6rkved i stors\u00e4ck<\/h2>\n<h3>L\u00e4gsta pris Garanti g\u00e4ller<\/h3>\n<p>Torkad bj\u00f6rkved i stors\u00e4ck, ca 1 m3 stj\u00e4lpt\/0.6 m3 staplad ved. Veden har den absolut h\u00f6gsta kvalitet, s\u00e5 den \u00e4r l\u00e4tt att t\u00e4nda, brinner bra med h\u00f6gt v\u00e4rmev\u00e4rde. Veden \u00e4r torr och skyddad under hela leveranskedjan fr\u00e5n torkningsprocess till leverans hem till dig. De \u00e4r v\u00e4l packade och \u00e4r l\u00e4tta att hantera. Du kan beh\u00e5lla veden i s\u00e4cken som en liten vedbod eller s\u00e5 staplar du i din egen vedbod\/lager.<\/p>","protected":false},"excerpt":{"rendered":"<p>L\u00e4gsta pris Garanti g\u00e4ller. Torkad bj\u00f6rkved i stors\u00e4ck (ca 1 m3 stj\u00e4lpt\/0.6 m3 staplad ved) h\u00e5ller h\u00f6gsta kvalitet, \u00e4r l\u00e4tt att t\u00e4nda, brinner effektivt med h\u00f6gt v\u00e4rmev\u00e4rde och levereras torr och skyddad hela v\u00e4gen hem till dig. Veden \u00e4r v\u00e4l packad, l\u00e4tt att hantera och kan f\u00f6rvaras direkt i s\u00e4cken som en vedbod eller staplas i din egen vedf\u00f6rvaring.<\/p>","protected":false},"featured_media":21425,"comment_status":"closed","ping_status":"closed","template":"","meta":[],"product_brand":[],"product_cat":[159],"product_tag":[],"class_list":{"0":"post-22015","1":"product","2":"type-product","3":"status-publish","4":"has-post-thumbnail","6":"product_cat-ved","7":"product_shipping_class-kranbil","9":"first","10":"instock","11":"shipping-taxable","12":"purchasable","13":"product-type-simple"},"_links":{"self":[{"href":"https:\/\/www.vedab.se\/en\/wp-json\/wp\/v2\/product\/22015","targetHints":{"allow":["GET"]}}],"collection":[{"href":"https:\/\/www.vedab.se\/en\/wp-json\/wp\/v2\/product"}],"about":[{"href":"https:\/\/www.vedab.se\/en\/wp-json\/wp\/v2\/types\/product"}],"replies":[{"embeddable":true,"href":"https:\/\/www.vedab.se\/en\/wp-json\/wp\/v2\/comments?post=22015"}],"wp:featuredmedia":[{"embeddable":true,"href":"https:\/\/www.vedab.se\/en\/wp-json\/wp\/v2\/media\/21425"}],"wp:attachment":[{"href":"https:\/\/www.vedab.se\/en\/wp-json\/wp\/v2\/media?parent=22015"}],"wp:term":[{"taxonomy":"product_brand","embeddable":true,"href":"https:\/\/www.vedab.se\/en\/wp-json\/wp\/v2\/product_brand?post=22015"},{"taxonomy":"product_cat","embeddable":true,"href":"https:\/\/www.vedab.se\/en\/wp-json\/wp\/v2\/product_cat?post=22015"},{"taxonomy":"product_tag","embeddable":true,"href":"https:\/\/www.vedab.se\/en\/wp-json\/wp\/v2\/product_tag?post=22015"}],"curies":[{"name":"wp","href":"https:\/\/api.w.org\/{rel}","templated":true}]}}