{"id":20961,"date":"2024-11-12T09:32:33","date_gmt":"2024-11-12T09:32:33","guid":{"rendered":"https:\/\/www.vedab.se\/?post_type=product&#038;p=20961"},"modified":"2025-12-22T22:00:10","modified_gmt":"2025-12-22T21:00:10","slug":"bjorkved-3-m3-pall","status":"publish","type":"product","link":"https:\/\/www.vedab.se\/en\/product\/bjorkved-3-m3-pall\/","title":{"rendered":"Bj\u00f6rkved 1 pall 40 liters"},"content":{"rendered":"<h3>L\u00e4gsta Pris Garanti g\u00e4ller<\/h3>\n<p>Torkad bj\u00f6rkved i 40L-s\u00e4ckar, totalt 77 st travade p\u00e5 pall. Veden \u00e4r v\u00e4l packad s\u00e5 volymen motsvarar cirka 6 kubikmeter stj\u00e4lpt ved. Detta \u00e4r mest ved f\u00f6r pengarna. S\u00e4ckarna \u00e4r l\u00e4tta att hantera och veden levereras v\u00e4l packad. Veden har den absolut h\u00f6gsta kvalitet, s\u00e5 den \u00e4r l\u00e4tt att t\u00e4nda, brinner bra med h\u00f6gt v\u00e4rmev\u00e4rde. Veden \u00e4r torr och skyddad under hela leveranskedjan fr\u00e5n torkningsprocess till leverans hem till dig. Pallens ytterm\u00e5tt \u00e4r 120 cm x 100 cm x 210 cm, och veden \u00e4r 23-26 cm l\u00e5ng med en diameter p\u00e5 6-15 cm.<\/p>","protected":false},"excerpt":{"rendered":"<h3>L\u00e4gsta Pris garanti g\u00e4ller<\/h3>\n<p>Torkad bj\u00f6rkved i 40L-s\u00e4ckar, totalt 77 st travade p\u00e5 pall, motsvarar cirka 6 kubikmeter stj\u00e4lpt ved och \u00e4r av absolut h\u00f6gsta kvalitet, l\u00e4tt att t\u00e4nda och ger h\u00f6gt v\u00e4rmev\u00e4rde. Pallens ytterm\u00e5tt \u00e4r 120 cm x 100 cm x 210 cm, och veden \u00e4r 23-26 cm l\u00e5ng med en diameter p\u00e5 6-15 cm.<\/p>","protected":false},"featured_media":21161,"comment_status":"closed","ping_status":"closed","template":"","meta":[],"product_brand":[],"product_cat":[159],"product_tag":[],"class_list":{"0":"post-20961","1":"product","2":"type-product","3":"status-publish","4":"has-post-thumbnail","6":"product_cat-ved","7":"product_shipping_class-kranbil","9":"first","10":"instock","11":"shipping-taxable","12":"purchasable","13":"product-type-simple"},"_links":{"self":[{"href":"https:\/\/www.vedab.se\/en\/wp-json\/wp\/v2\/product\/20961","targetHints":{"allow":["GET"]}}],"collection":[{"href":"https:\/\/www.vedab.se\/en\/wp-json\/wp\/v2\/product"}],"about":[{"href":"https:\/\/www.vedab.se\/en\/wp-json\/wp\/v2\/types\/product"}],"replies":[{"embeddable":true,"href":"https:\/\/www.vedab.se\/en\/wp-json\/wp\/v2\/comments?post=20961"}],"wp:featuredmedia":[{"embeddable":true,"href":"https:\/\/www.vedab.se\/en\/wp-json\/wp\/v2\/media\/21161"}],"wp:attachment":[{"href":"https:\/\/www.vedab.se\/en\/wp-json\/wp\/v2\/media?parent=20961"}],"wp:term":[{"taxonomy":"product_brand","embeddable":true,"href":"https:\/\/www.vedab.se\/en\/wp-json\/wp\/v2\/product_brand?post=20961"},{"taxonomy":"product_cat","embeddable":true,"href":"https:\/\/www.vedab.se\/en\/wp-json\/wp\/v2\/product_cat?post=20961"},{"taxonomy":"product_tag","embeddable":true,"href":"https:\/\/www.vedab.se\/en\/wp-json\/wp\/v2\/product_tag?post=20961"}],"curies":[{"name":"wp","href":"https:\/\/api.w.org\/{rel}","templated":true}]}}