{"id":20960,"date":"2024-11-12T09:32:11","date_gmt":"2024-11-12T09:32:11","guid":{"rendered":"https:\/\/www.vedab.se\/?post_type=product&#038;p=20960"},"modified":"2026-05-02T05:16:36","modified_gmt":"2026-05-02T04:16:36","slug":"bjorkved-2-m3-pall","status":"publish","type":"product","link":"https:\/\/www.vedab.se\/en\/product\/bjorkved-2-m3-pall\/","title":{"rendered":"Bj\u00f6rkved 1 helpall 30-liters"},"content":{"rendered":"<p data-start=\"989\" data-end=\"1167\">Helpallen inneh\u00e5ller 77 stycken 30-literss\u00e4ckar med torkad bj\u00f6rkved som \u00e4r l\u00e4tt att t\u00e4nda och ger en j\u00e4mn och v\u00e4rmande eld.<\/p>\n<p data-start=\"1169\" data-end=\"1375\">Volymen motsvarar cirka 4 m\u00b3 stj\u00e4lpt ved. Vedtr\u00e4na \u00e4r kapade i 23\u201326 cm l\u00e4ngd och har en diameter p\u00e5 6\u201315 cm, vilket passar de flesta kaminer och eldst\u00e4der. S\u00e4ckarna g\u00f6r veden enkel att hantera och f\u00f6rvara.<\/p>\n<p data-start=\"1377\" data-end=\"1429\">Fri frakt inom stora Stockholm ing\u00e5r i priset.<\/p>\n<ul>\n<li data-section-id=\"8fg52n\" data-start=\"1930\" data-end=\"1953\">Antal s\u00e4ckar: 77 st<\/li>\n<li data-section-id=\"6rkhrd\" data-start=\"1954\" data-end=\"1982\">Volym per s\u00e4ck: 30 liter<\/li>\n<li data-section-id=\"1l4owt4\" data-start=\"1983\" data-end=\"2014\">Totalt: ca 4 m\u00b3 stj\u00e4lpt ved<\/li>\n<li data-section-id=\"1ngbamm\" data-start=\"2015\" data-end=\"2033\">Tr\u00e4slag: Bj\u00f6rk<\/li>\n<li data-section-id=\"1plm3ko\" data-start=\"2034\" data-end=\"2056\">Vedl\u00e4ngd: 23\u201326 cm<\/li>\n<li data-section-id=\"1t65fju\" data-start=\"2057\" data-end=\"2078\">Diameter: 6\u201315 cm<\/li>\n<li data-section-id=\"1bi2504\" data-start=\"2079\" data-end=\"2111\">Pallm\u00e5tt: 120 x 100 x 100 cm<\/li>\n<\/ul>","protected":false},"excerpt":{"rendered":"<p>Helpall med 77 s\u00e4ckar torkad bj\u00f6rkved i 30-liters\u00e4ckar, ett smidigt val med fri frakt inom stora Stockholm.<\/p>","protected":false},"featured_media":21911,"comment_status":"closed","ping_status":"closed","template":"","meta":[],"product_brand":[],"product_cat":[159],"product_tag":[],"class_list":{"0":"post-20960","1":"product","2":"type-product","3":"status-publish","4":"has-post-thumbnail","6":"product_cat-ved","7":"product_shipping_class-kranbil","8":"pa_barhjalp-ja","9":"pa_barhjalp-nej","11":"first","12":"instock","13":"shipping-taxable","14":"purchasable","15":"product-type-variable"},"_links":{"self":[{"href":"https:\/\/www.vedab.se\/en\/wp-json\/wp\/v2\/product\/20960","targetHints":{"allow":["GET"]}}],"collection":[{"href":"https:\/\/www.vedab.se\/en\/wp-json\/wp\/v2\/product"}],"about":[{"href":"https:\/\/www.vedab.se\/en\/wp-json\/wp\/v2\/types\/product"}],"replies":[{"embeddable":true,"href":"https:\/\/www.vedab.se\/en\/wp-json\/wp\/v2\/comments?post=20960"}],"wp:featuredmedia":[{"embeddable":true,"href":"https:\/\/www.vedab.se\/en\/wp-json\/wp\/v2\/media\/21911"}],"wp:attachment":[{"href":"https:\/\/www.vedab.se\/en\/wp-json\/wp\/v2\/media?parent=20960"}],"wp:term":[{"taxonomy":"product_brand","embeddable":true,"href":"https:\/\/www.vedab.se\/en\/wp-json\/wp\/v2\/product_brand?post=20960"},{"taxonomy":"product_cat","embeddable":true,"href":"https:\/\/www.vedab.se\/en\/wp-json\/wp\/v2\/product_cat?post=20960"},{"taxonomy":"product_tag","embeddable":true,"href":"https:\/\/www.vedab.se\/en\/wp-json\/wp\/v2\/product_tag?post=20960"}],"curies":[{"name":"wp","href":"https:\/\/api.w.org\/{rel}","templated":true}]}}