{"id":21724,"date":"2024-12-17T11:51:18","date_gmt":"2024-12-17T11:51:18","guid":{"rendered":"https:\/\/www.vedab.se\/?page_id=21724"},"modified":"2024-12-17T12:03:09","modified_gmt":"2024-12-17T12:03:09","slug":"sekretesspolicy","status":"publish","type":"page","link":"https:\/\/www.vedab.se\/en\/sekretesspolicy\/","title":{"rendered":"Sekretesspolicy"},"content":{"rendered":"<div data-elementor-type=\"wp-post\" data-elementor-id=\"21724\" class=\"elementor elementor-21724\" data-elementor-post-type=\"page\">\n\t\t\t\t\t\t<section class=\"elementor-section elementor-top-section elementor-element elementor-element-59de167 elementor-section-boxed elementor-section-height-default elementor-section-height-default wpr-particle-no wpr-jarallax-no wpr-parallax-no wpr-sticky-section-no\" data-id=\"59de167\" data-element_type=\"section\" data-e-type=\"section\" data-settings=\"{&quot;background_background&quot;:&quot;classic&quot;}\">\n\t\t\t\t\t\t<div class=\"elementor-container elementor-column-gap-default\">\n\t\t\t\t\t<div class=\"elementor-column elementor-col-100 elementor-top-column elementor-element elementor-element-b3c6fab\" data-id=\"b3c6fab\" data-element_type=\"column\" data-e-type=\"column\">\n\t\t\t<div class=\"elementor-widget-wrap elementor-element-populated\">\n\t\t\t\t\t\t<div class=\"elementor-element elementor-element-488fb28 elementor-widget elementor-widget-heading\" data-id=\"488fb28\" data-element_type=\"widget\" data-e-type=\"widget\" data-widget_type=\"heading.default\">\n\t\t\t\t<div class=\"elementor-widget-container\">\n\t\t\t\t\t<h2 class=\"elementor-heading-title elementor-size-default\">Integritetspolicy<\/h2>\t\t\t\t<\/div>\n\t\t\t\t<\/div>\n\t\t\t\t\t<\/div>\n\t\t<\/div>\n\t\t\t\t\t<\/div>\n\t\t<\/section>\n\t\t\t\t<section class=\"elementor-section elementor-top-section elementor-element elementor-element-0d458d1 elementor-section-stretched elementor-reverse-mobile elementor-section-boxed elementor-section-height-default elementor-section-height-default wpr-particle-no wpr-jarallax-no wpr-parallax-no wpr-sticky-section-no\" data-id=\"0d458d1\" data-element_type=\"section\" data-e-type=\"section\" data-settings=\"{&quot;stretch_section&quot;:&quot;section-stretched&quot;,&quot;background_background&quot;:&quot;classic&quot;}\">\n\t\t\t\t\t\t<div class=\"elementor-container elementor-column-gap-default\">\n\t\t\t\t\t<div class=\"elementor-column elementor-col-100 elementor-top-column elementor-element elementor-element-255fbee\" data-id=\"255fbee\" data-element_type=\"column\" data-e-type=\"column\" data-settings=\"{&quot;background_background&quot;:&quot;classic&quot;}\">\n\t\t\t<div class=\"elementor-widget-wrap elementor-element-populated\">\n\t\t\t\t\t\t<div class=\"elementor-element elementor-element-253cde1 elementor-widget elementor-widget-text-editor\" data-id=\"253cde1\" data-element_type=\"widget\" data-e-type=\"widget\" data-widget_type=\"text-editor.default\">\n\t\t\t\t<div class=\"elementor-widget-container\">\n\t\t\t\t\t\t\t\t\t<h3>Integritetspolicy<\/h3><p>P\u00e5 Vedab v\u00e4rnar vi om din integritet och str\u00e4var efter att skydda dina personuppgifter enligt g\u00e4llande dataskyddsregler, inklusive GDPR.<\/p><h3>Insamling av information<\/h3><p>Vi samlar in personlig information s\u00e5som namn, e-postadress och telefonnummer n\u00e4r du kontaktar oss, g\u00f6r en best\u00e4llning eller anv\u00e4nder v\u00e5ra tj\u00e4nster. Denna information anv\u00e4nds f\u00f6r att f\u00f6rb\u00e4ttra v\u00e5r service och tillhandah\u00e5lla en smidig kundupplevelse.<\/p><h3>Anv\u00e4ndning av information<\/h3><p>Den insamlade informationen anv\u00e4nds endast f\u00f6r specifika \u00e4ndam\u00e5l, exempelvis orderhantering, kundsupport eller utskick av relevanta uppdateringar. Vi delar aldrig dina uppgifter med tredje part utan ditt samtycke, f\u00f6rutom d\u00e4r lagstiftning kr\u00e4ver det.<\/p><h3>Skydd av data<\/h3><p>Vi anv\u00e4nder moderna s\u00e4kerhets\u00e5tg\u00e4rder f\u00f6r att skydda din information mot obeh\u00f6rig \u00e5tkomst, \u00e4ndring eller f\u00f6rlust.<\/p><h3>Dina r\u00e4ttigheter<\/h3><p>Du har r\u00e4tt att beg\u00e4ra \u00e5tkomst till, r\u00e4tta eller radera dina personuppgifter. F\u00f6r att ut\u00f6va dina r\u00e4ttigheter eller om du har fr\u00e5gor om v\u00e5r integritetspolicy, v\u00e4nligen kontakta oss.<\/p><h3>Kontakt<\/h3><p>F\u00f6r fr\u00e5gor eller funderingar, skicka ett e-postmeddelande till: <strong><a rel=\"noopener\">info@vedab.se<\/a><\/strong><\/p><p>Tack f\u00f6r att du litar p\u00e5 Vedab!<\/p>\t\t\t\t\t\t\t\t<\/div>\n\t\t\t\t<\/div>\n\t\t\t\t\t<\/div>\n\t\t<\/div>\n\t\t\t\t\t<\/div>\n\t\t<\/section>\n\t\t\t\t<\/div>","protected":false},"excerpt":{"rendered":"<p>Integritetspolicy Integritetspolicy P\u00e5 Vedab v\u00e4rnar vi om din integritet och str\u00e4var efter att skydda dina personuppgifter enligt g\u00e4llande dataskyddsregler, inklusive GDPR. Insamling av information Vi samlar in personlig information s\u00e5som namn, e-postadress och telefonnummer n\u00e4r du kontaktar oss, g\u00f6r en best\u00e4llning eller anv\u00e4nder v\u00e5ra tj\u00e4nster. Denna information anv\u00e4nds f\u00f6r att f\u00f6rb\u00e4ttra v\u00e5r service och tillhandah\u00e5lla en smidig kundupplevelse. Anv\u00e4ndning av information Den insamlade informationen anv\u00e4nds endast f\u00f6r specifika \u00e4ndam\u00e5l, exempelvis orderhantering, kundsupport eller utskick av relevanta uppdateringar. Vi delar aldrig dina uppgifter med tredje part utan ditt samtycke, f\u00f6rutom d\u00e4r lagstiftning kr\u00e4ver det. Skydd av data Vi anv\u00e4nder moderna s\u00e4kerhets\u00e5tg\u00e4rder f\u00f6r att skydda din information mot obeh\u00f6rig \u00e5tkomst, \u00e4ndring eller f\u00f6rlust. Dina r\u00e4ttigheter Du har r\u00e4tt att beg\u00e4ra \u00e5tkomst till, r\u00e4tta eller radera dina personuppgifter. F\u00f6r att ut\u00f6va dina r\u00e4ttigheter eller om du har fr\u00e5gor om v\u00e5r integritetspolicy, v\u00e4nligen kontakta oss. Kontakt F\u00f6r fr\u00e5gor eller funderingar, skicka ett e-postmeddelande till: info@vedab.se Tack f\u00f6r att du litar p\u00e5 Vedab!<\/p>","protected":false},"author":9,"featured_media":0,"parent":0,"menu_order":0,"comment_status":"closed","ping_status":"closed","template":"","meta":{"footnotes":""},"class_list":["post-21724","page","type-page","status-publish","hentry"],"_links":{"self":[{"href":"https:\/\/www.vedab.se\/en\/wp-json\/wp\/v2\/pages\/21724","targetHints":{"allow":["GET"]}}],"collection":[{"href":"https:\/\/www.vedab.se\/en\/wp-json\/wp\/v2\/pages"}],"about":[{"href":"https:\/\/www.vedab.se\/en\/wp-json\/wp\/v2\/types\/page"}],"author":[{"embeddable":true,"href":"https:\/\/www.vedab.se\/en\/wp-json\/wp\/v2\/users\/9"}],"replies":[{"embeddable":true,"href":"https:\/\/www.vedab.se\/en\/wp-json\/wp\/v2\/comments?post=21724"}],"version-history":[{"count":0,"href":"https:\/\/www.vedab.se\/en\/wp-json\/wp\/v2\/pages\/21724\/revisions"}],"wp:attachment":[{"href":"https:\/\/www.vedab.se\/en\/wp-json\/wp\/v2\/media?parent=21724"}],"curies":[{"name":"wp","href":"https:\/\/api.w.org\/{rel}","templated":true}]}}