{"id":21710,"date":"2024-12-17T11:22:18","date_gmt":"2024-12-17T11:22:18","guid":{"rendered":"https:\/\/www.vedab.se\/?page_id=21710"},"modified":"2025-01-31T12:30:14","modified_gmt":"2025-01-31T11:30:14","slug":"angerratt","status":"publish","type":"page","link":"https:\/\/www.vedab.se\/en\/angerratt\/","title":{"rendered":"\u00c5ngerr\u00e4tt"},"content":{"rendered":"<div data-elementor-type=\"wp-post\" data-elementor-id=\"21710\" class=\"elementor elementor-21710\" data-elementor-post-type=\"page\">\n\t\t\t\t\t\t<section class=\"elementor-section elementor-top-section elementor-element elementor-element-59de167 elementor-section-boxed elementor-section-height-default elementor-section-height-default wpr-particle-no wpr-jarallax-no wpr-parallax-no wpr-sticky-section-no\" data-id=\"59de167\" data-element_type=\"section\" data-e-type=\"section\" data-settings=\"{&quot;background_background&quot;:&quot;classic&quot;}\">\n\t\t\t\t\t\t<div class=\"elementor-container elementor-column-gap-default\">\n\t\t\t\t\t<div class=\"elementor-column elementor-col-100 elementor-top-column elementor-element elementor-element-b3c6fab\" data-id=\"b3c6fab\" data-element_type=\"column\" data-e-type=\"column\">\n\t\t\t<div class=\"elementor-widget-wrap elementor-element-populated\">\n\t\t\t\t\t\t<div class=\"elementor-element elementor-element-488fb28 elementor-widget elementor-widget-heading\" data-id=\"488fb28\" data-element_type=\"widget\" data-e-type=\"widget\" data-widget_type=\"heading.default\">\n\t\t\t\t<div class=\"elementor-widget-container\">\n\t\t\t\t\t<h2 class=\"elementor-heading-title elementor-size-default\">\u00c5ngerr\u00e4tt<\/h2>\t\t\t\t<\/div>\n\t\t\t\t<\/div>\n\t\t\t\t\t<\/div>\n\t\t<\/div>\n\t\t\t\t\t<\/div>\n\t\t<\/section>\n\t\t\t\t<section class=\"elementor-section elementor-top-section elementor-element elementor-element-0d458d1 elementor-section-stretched elementor-reverse-mobile elementor-section-boxed elementor-section-height-default elementor-section-height-default wpr-particle-no wpr-jarallax-no wpr-parallax-no wpr-sticky-section-no\" data-id=\"0d458d1\" data-element_type=\"section\" data-e-type=\"section\" data-settings=\"{&quot;stretch_section&quot;:&quot;section-stretched&quot;,&quot;background_background&quot;:&quot;classic&quot;}\">\n\t\t\t\t\t\t<div class=\"elementor-container elementor-column-gap-default\">\n\t\t\t\t\t<div class=\"elementor-column elementor-col-100 elementor-top-column elementor-element elementor-element-255fbee\" data-id=\"255fbee\" data-element_type=\"column\" data-e-type=\"column\" data-settings=\"{&quot;background_background&quot;:&quot;classic&quot;}\">\n\t\t\t<div class=\"elementor-widget-wrap elementor-element-populated\">\n\t\t\t\t\t\t<div class=\"elementor-element elementor-element-253cde1 elementor-widget elementor-widget-text-editor\" data-id=\"253cde1\" data-element_type=\"widget\" data-e-type=\"widget\" data-widget_type=\"text-editor.default\">\n\t\t\t\t<div class=\"elementor-widget-container\">\n\t\t\t\t\t\t\t\t\t<h3>\u00c5ngerr\u00e4tt<\/h3><p>Du har alltid 14 dagars \u00e5ngerr\u00e4tt fr\u00e5n det datum som du har mottagit varan. \u00c5ngrar du k\u00f6pet, ska du sj\u00e4lv ombes\u00f6rja transporten till v\u00e5r adress senast 14 dagar efter mottagandet.<\/p><p>Vid \u00e5ngrat k\u00f6p bekostas returfrakten av dig. Du ska sj\u00e4lv vara uppm\u00e4rksam p\u00e5 att frakten utg\u00f6r en stor del av det totala priset. V\u00e4ljer du att returnera varan med v\u00e5r lastbil, ska du betala f\u00f6r returtransporten motsvarande leveranspriset. Om du returnerar varan, skall den vara i samma skick\/beskaffenhet som n\u00e4r du mottog varan. Detta betyder att \u00e5ngerr\u00e4tten kan bortfalla om produktens skick eller m\u00e4ngd inte \u00e4r densamma som vid leverans.\u00a0<\/p>\t\t\t\t\t\t\t\t<\/div>\n\t\t\t\t<\/div>\n\t\t\t\t\t<\/div>\n\t\t<\/div>\n\t\t\t\t\t<\/div>\n\t\t<\/section>\n\t\t\t\t<\/div>","protected":false},"excerpt":{"rendered":"<p>\u00c5ngerr\u00e4tt \u00c5ngerr\u00e4tt Du har alltid 14 dagars \u00e5ngerr\u00e4tt fr\u00e5n det datum som du har mottagit varan. \u00c5ngrar du k\u00f6pet, ska du sj\u00e4lv ombes\u00f6rja transporten till v\u00e5r adress senast 14 dagar efter mottagandet. Vid \u00e5ngrat k\u00f6p bekostas returfrakten av dig. Du ska sj\u00e4lv vara uppm\u00e4rksam p\u00e5 att frakten utg\u00f6r en stor del av det totala priset. V\u00e4ljer du att returnera varan med v\u00e5r lastbil, ska du betala f\u00f6r returtransporten motsvarande leveranspriset. Om du returnerar varan, skall den vara i samma skick\/beskaffenhet som n\u00e4r du mottog varan. Detta betyder att \u00e5ngerr\u00e4tten kan bortfalla om produktens skick eller m\u00e4ngd inte \u00e4r densamma som vid leverans.\u00a0<\/p>","protected":false},"author":9,"featured_media":0,"parent":0,"menu_order":0,"comment_status":"closed","ping_status":"closed","template":"","meta":{"footnotes":""},"class_list":["post-21710","page","type-page","status-publish","hentry"],"_links":{"self":[{"href":"https:\/\/www.vedab.se\/en\/wp-json\/wp\/v2\/pages\/21710","targetHints":{"allow":["GET"]}}],"collection":[{"href":"https:\/\/www.vedab.se\/en\/wp-json\/wp\/v2\/pages"}],"about":[{"href":"https:\/\/www.vedab.se\/en\/wp-json\/wp\/v2\/types\/page"}],"author":[{"embeddable":true,"href":"https:\/\/www.vedab.se\/en\/wp-json\/wp\/v2\/users\/9"}],"replies":[{"embeddable":true,"href":"https:\/\/www.vedab.se\/en\/wp-json\/wp\/v2\/comments?post=21710"}],"version-history":[{"count":6,"href":"https:\/\/www.vedab.se\/en\/wp-json\/wp\/v2\/pages\/21710\/revisions"}],"predecessor-version":[{"id":21859,"href":"https:\/\/www.vedab.se\/en\/wp-json\/wp\/v2\/pages\/21710\/revisions\/21859"}],"wp:attachment":[{"href":"https:\/\/www.vedab.se\/en\/wp-json\/wp\/v2\/media?parent=21710"}],"curies":[{"name":"wp","href":"https:\/\/api.w.org\/{rel}","templated":true}]}}