{"id":20948,"date":"2024-11-12T08:16:31","date_gmt":"2024-11-12T08:16:31","guid":{"rendered":"https:\/\/www.vedab.se\/cart\/"},"modified":"2025-06-27T06:11:40","modified_gmt":"2025-06-27T05:11:40","slug":"varukorg","status":"publish","type":"page","link":"https:\/\/www.vedab.se\/en\/varukorg\/","title":{"rendered":"Varukorg"},"content":{"rendered":"<div data-elementor-type=\"wp-page\" data-elementor-id=\"20948\" class=\"elementor elementor-20948\" data-elementor-post-type=\"page\">\n\t\t\t\t\t\t<section class=\"elementor-section elementor-top-section elementor-element elementor-element-0059ea2 elementor-section-boxed elementor-section-height-default elementor-section-height-default wpr-particle-no wpr-jarallax-no wpr-parallax-no wpr-sticky-section-no\" data-id=\"0059ea2\" data-element_type=\"section\" data-e-type=\"section\">\n\t\t\t\t\t\t<div class=\"elementor-container elementor-column-gap-default\">\n\t\t\t\t\t<div class=\"elementor-column elementor-col-100 elementor-top-column elementor-element elementor-element-a54b23b\" data-id=\"a54b23b\" data-element_type=\"column\" data-e-type=\"column\">\n\t\t\t<div class=\"elementor-widget-wrap elementor-element-populated\">\n\t\t\t\t\t\t\t<\/div>\n\t\t<\/div>\n\t\t\t\t\t<\/div>\n\t\t<\/section>\n\t\t\t\t<section class=\"elementor-section elementor-top-section elementor-element elementor-element-12e45925 elementor-section-boxed elementor-section-height-default elementor-section-height-default wpr-particle-no wpr-jarallax-no wpr-parallax-no wpr-sticky-section-no\" data-id=\"12e45925\" data-element_type=\"section\" data-e-type=\"section\">\n\t\t\t\t\t\t<div class=\"elementor-container elementor-column-gap-default\">\n\t\t\t\t\t<div class=\"elementor-column elementor-col-100 elementor-top-column elementor-element elementor-element-64c88ae2 carttttt\" data-id=\"64c88ae2\" data-element_type=\"column\" data-e-type=\"column\">\n\t\t\t<div class=\"elementor-widget-wrap elementor-element-populated\">\n\t\t\t\t\t\t<div class=\"elementor-element elementor-element-14073ee4 elementor-widget elementor-widget-text-editor\" data-id=\"14073ee4\" data-element_type=\"widget\" data-e-type=\"widget\" data-widget_type=\"text-editor.default\">\n\t\t\t\t<div class=\"elementor-widget-container\">\n\t\t\t\t\t\t\t\t\t\n<div data-block-name=\"woocommerce\/cart\" class=\"wp-block-woocommerce-cart alignwide is-loading\">\n<div data-block-name=\"woocommerce\/filled-cart-block\" class=\"wp-block-woocommerce-filled-cart-block\">\n<div data-block-name=\"woocommerce\/cart-items-block\" class=\"wp-block-woocommerce-cart-items-block\">\n<div data-block-name=\"woocommerce\/cart-line-items-block\" class=\"wp-block-woocommerce-cart-line-items-block\">\u00a0<\/div>\n\n<div data-block-name=\"woocommerce\/cart-cross-sells-block\" class=\"wp-block-woocommerce-cart-cross-sells-block\">\n<h2 class=\"wp-block-heading has-large-font-size\">You may be interested in\u2026<\/h2>\n\n<div data-block-name=\"woocommerce\/cart-cross-sells-products-block\" class=\"wp-block-woocommerce-cart-cross-sells-products-block\">\u00a0<\/div>\n<\/div>\n<\/div>\n\n<div data-block-name=\"woocommerce\/cart-totals-block\" class=\"wp-block-woocommerce-cart-totals-block\">\n<div data-block-name=\"woocommerce\/cart-order-summary-block\" class=\"wp-block-woocommerce-cart-order-summary-block\">\n<div data-block-name=\"woocommerce\/cart-order-summary-heading-block\" class=\"wp-block-woocommerce-cart-order-summary-heading-block\">\u00a0<\/div><div data-block-name=\"woocommerce\/cart-order-summary-coupon-form-block\" class=\"wp-block-woocommerce-cart-order-summary-coupon-form-block\">\u00a0<\/div><div data-block-name=\"woocommerce\/cart-order-summary-totals-block\" class=\"wp-block-woocommerce-cart-order-summary-totals-block\">\n<div data-block-name=\"woocommerce\/cart-order-summary-subtotal-block\" class=\"wp-block-woocommerce-cart-order-summary-subtotal-block\">\u00a0<\/div>\n<div data-block-name=\"woocommerce\/cart-order-summary-discount-block\" class=\"wp-block-woocommerce-cart-order-summary-discount-block\">\u00a0<\/div>\n<div data-block-name=\"woocommerce\/cart-order-summary-fee-block\" class=\"wp-block-woocommerce-cart-order-summary-fee-block\">\u00a0<\/div>\n<div data-block-name=\"woocommerce\/cart-order-summary-shipping-block\" class=\"wp-block-woocommerce-cart-order-summary-shipping-block\">\u00a0<\/div>\n<div data-block-name=\"woocommerce\/cart-order-summary-taxes-block\" class=\"wp-block-woocommerce-cart-order-summary-taxes-block\">\u00a0<\/div><\/div>\n<\/div>\n\n<div data-block-name=\"woocommerce\/cart-express-payment-block\" class=\"wp-block-woocommerce-cart-express-payment-block\">\u00a0<\/div>\n\n<div data-block-name=\"woocommerce\/proceed-to-checkout-block\" class=\"wp-block-woocommerce-proceed-to-checkout-block\">\u00a0<\/div>\n\n<div data-block-name=\"woocommerce\/cart-accepted-payment-methods-block\" class=\"wp-block-woocommerce-cart-accepted-payment-methods-block\">\u00a0<\/div>\n<\/div>\n<\/div>\n\n<div data-block-name=\"woocommerce\/empty-cart-block\" class=\"wp-block-woocommerce-empty-cart-block\">\n<h2 class=\"wp-block-heading has-text-align-center with-empty-cart-icon wc-block-cart__empty-cart__title\">Your cart is currently empty!<\/h2>\n<hr class=\"wp-block-separator has-alpha-channel-opacity is-style-dots\" \/>\n<h2 class=\"wp-block-heading has-text-align-center\">New in store<\/h2>\n<div data-block-name=\"woocommerce\/product-new\" data-columns=\"4\" data-rows=\"1\" class=\"wc-block-grid wp-block-product-new wp-block-woocommerce-product-new wc-block-product-new has-4-columns\"><ul class=\"wc-block-grid__products\"><li class=\"wc-block-grid__product\">\n\t\t\t\t<a href=\"https:\/\/www.vedab.se\/en\/product\/bjorkved-halv-pall-40liters\/\" class=\"wc-block-grid__product-link\">\n\t\t\t\t\t\n\t\t\t\t\t<div class=\"wc-block-grid__product-image\"><img fetchpriority=\"high\" decoding=\"async\" width=\"500\" height=\"652\" src=\"https:\/\/www.vedab.se\/wp-content\/uploads\/Bjorkved40liters35stpall-rotated-e1760766743689-500x652.jpg\" class=\"attachment-woocommerce_thumbnail size-woocommerce_thumbnail\" alt=\"Bj\u00f6rkved halvpall 40-liters\" srcset=\"https:\/\/www.vedab.se\/wp-content\/uploads\/Bjorkved40liters35stpall-rotated-e1760766743689-500x652.jpg 500w, https:\/\/www.vedab.se\/wp-content\/uploads\/Bjorkved40liters35stpall-rotated-e1760766743689-230x300.jpg 230w, https:\/\/www.vedab.se\/wp-content\/uploads\/Bjorkved40liters35stpall-rotated-e1760766743689-9x12.jpg 9w, https:\/\/www.vedab.se\/wp-content\/uploads\/Bjorkved40liters35stpall-rotated-e1760766743689.jpg 673w\" sizes=\"(max-width: 500px) 100vw, 500px\" \/><\/div>\n\t\t\t\t\t<div class=\"wc-block-grid__product-title\">Bj\u00f6rkved halvpall 40-liters<\/div>\n\t\t\t\t<\/a>\n\t\t\t\t<div class=\"wc-block-grid__product-price price\"><span class=\"woocommerce-Price-amount amount\" aria-hidden=\"true\">3495,00&nbsp;<span class=\"woocommerce-Price-currencySymbol\">&#107;&#114;<\/span><\/span> <span aria-hidden=\"true\">&ndash;<\/span> <span class=\"woocommerce-Price-amount amount\" aria-hidden=\"true\">3895,00&nbsp;<span class=\"woocommerce-Price-currencySymbol\">&#107;&#114;<\/span><\/span><span class=\"screen-reader-text\" data-no-translation=\"\" data-trp-gettext=\"\">Price range: 3495,00&nbsp;&#107;&#114; through 3895,00&nbsp;&#107;&#114;<\/span><\/div>\n\t\t\t\t\n\t\t\t\t<div class=\"wp-block-button wc-block-grid__product-add-to-cart\"><a href=\"https:\/\/www.vedab.se\/en\/product\/bjorkved-halv-pall-40liters\/\" aria-label=\"Select options for \u201cBj\u00f6rkved halvpall 40-liters\u201d\" data-quantity=\"1\" data-product_id=\"22254\" data-product_sku=\"\" data-price=\"3495\" rel=\"nofollow\" class=\"wp-block-button__link  add_to_cart_button\" data-no-translation=\"\" data-trp-gettext=\"\" data-no-translation-aria-label=\"\">Select options<\/a><\/div>\n\t\t\t<\/li><li class=\"wc-block-grid__product\">\n\t\t\t\t<a href=\"https:\/\/www.vedab.se\/en\/product\/bjorkved-40liters-skargardsleverans\/\" class=\"wc-block-grid__product-link\">\n\t\t\t\t\t\n\t\t\t\t\t<div class=\"wc-block-grid__product-image\"><img decoding=\"async\" width=\"500\" height=\"629\" src=\"https:\/\/www.vedab.se\/wp-content\/uploads\/20240903_132134_resized-rotated-1-500x629.webp\" class=\"attachment-woocommerce_thumbnail size-woocommerce_thumbnail\" alt=\"Torr bj\u00f6rkved\" srcset=\"https:\/\/www.vedab.se\/wp-content\/uploads\/20240903_132134_resized-rotated-1-500x629.webp 500w, https:\/\/www.vedab.se\/wp-content\/uploads\/20240903_132134_resized-rotated-1-238x300.webp 238w, https:\/\/www.vedab.se\/wp-content\/uploads\/20240903_132134_resized-rotated-1-814x1024.webp 814w, https:\/\/www.vedab.se\/wp-content\/uploads\/20240903_132134_resized-rotated-1-768x966.webp 768w, https:\/\/www.vedab.se\/wp-content\/uploads\/20240903_132134_resized-rotated-1-1221x1536.webp 1221w, https:\/\/www.vedab.se\/wp-content\/uploads\/20240903_132134_resized-rotated-1.webp 1424w\" sizes=\"(max-width: 500px) 100vw, 500px\" \/><\/div>\n\t\t\t\t\t<div class=\"wc-block-grid__product-title\">Bj\u00f6rkved 14x40-liters Sk\u00e4rg\u00e5rdsleverans<\/div>\n\t\t\t\t<\/a>\n\t\t\t\t<div class=\"wc-block-grid__product-price price\"><span class=\"woocommerce-Price-amount amount\" aria-hidden=\"true\">4350,00&nbsp;<span class=\"woocommerce-Price-currencySymbol\">&#107;&#114;<\/span><\/span> <span aria-hidden=\"true\">&ndash;<\/span> <span class=\"woocommerce-Price-amount amount\" aria-hidden=\"true\">12085,00&nbsp;<span class=\"woocommerce-Price-currencySymbol\">&#107;&#114;<\/span><\/span><span class=\"screen-reader-text\" data-no-translation=\"\" data-trp-gettext=\"\">Price range: 4350,00&nbsp;&#107;&#114; through 12085,00&nbsp;&#107;&#114;<\/span><\/div>\n\t\t\t\t\n\t\t\t\t<div class=\"wp-block-button wc-block-grid__product-add-to-cart\"><a href=\"https:\/\/www.vedab.se\/en\/product\/bjorkved-40liters-skargardsleverans\/\" aria-label=\"Select options for \u201cBj\u00f6rkved 14x40-liters Sk\u00e4rg\u00e5rdsleverans\u201d\" data-quantity=\"1\" data-product_id=\"22160\" data-product_sku=\"\" data-price=\"4350\" rel=\"nofollow\" class=\"wp-block-button__link  add_to_cart_button\" data-no-translation=\"\" data-trp-gettext=\"\" data-no-translation-aria-label=\"\">Select options<\/a><\/div>\n\t\t\t<\/li><li class=\"wc-block-grid__product\">\n\t\t\t\t<a href=\"https:\/\/www.vedab.se\/en\/product\/sack_skargarden\/\" class=\"wc-block-grid__product-link\">\n\t\t\t\t\t\n\t\t\t\t\t<div class=\"wc-block-grid__product-image\"><img decoding=\"async\" width=\"500\" height=\"629\" src=\"https:\/\/www.vedab.se\/wp-content\/uploads\/20240903_132134_resized-rotated-1-500x629.webp\" class=\"attachment-woocommerce_thumbnail size-woocommerce_thumbnail\" alt=\"Torr bj\u00f6rkved\" srcset=\"https:\/\/www.vedab.se\/wp-content\/uploads\/20240903_132134_resized-rotated-1-500x629.webp 500w, https:\/\/www.vedab.se\/wp-content\/uploads\/20240903_132134_resized-rotated-1-238x300.webp 238w, https:\/\/www.vedab.se\/wp-content\/uploads\/20240903_132134_resized-rotated-1-814x1024.webp 814w, https:\/\/www.vedab.se\/wp-content\/uploads\/20240903_132134_resized-rotated-1-768x966.webp 768w, https:\/\/www.vedab.se\/wp-content\/uploads\/20240903_132134_resized-rotated-1-1221x1536.webp 1221w, https:\/\/www.vedab.se\/wp-content\/uploads\/20240903_132134_resized-rotated-1.webp 1424w\" sizes=\"(max-width: 500px) 100vw, 500px\" \/><\/div>\n\t\t\t\t\t<div class=\"wc-block-grid__product-title\">Bj\u00f6rkved Stors\u00e4ck Sk\u00e4rg\u00e5rdsleverans<\/div>\n\t\t\t\t<\/a>\n\t\t\t\t<div class=\"wc-block-grid__product-price price\"><span class=\"woocommerce-Price-amount amount\" aria-hidden=\"true\">4350,00&nbsp;<span class=\"woocommerce-Price-currencySymbol\">&#107;&#114;<\/span><\/span> <span aria-hidden=\"true\">&ndash;<\/span> <span class=\"woocommerce-Price-amount amount\" aria-hidden=\"true\">12085,00&nbsp;<span class=\"woocommerce-Price-currencySymbol\">&#107;&#114;<\/span><\/span><span class=\"screen-reader-text\" data-no-translation=\"\" data-trp-gettext=\"\">Price range: 4350,00&nbsp;&#107;&#114; through 12085,00&nbsp;&#107;&#114;<\/span><\/div>\n\t\t\t\t\n\t\t\t\t<div class=\"wp-block-button wc-block-grid__product-add-to-cart\"><a href=\"https:\/\/www.vedab.se\/en\/product\/sack_skargarden\/\" aria-label=\"Select options for \u201cBj\u00f6rkved Stors\u00e4ck Sk\u00e4rg\u00e5rdsleverans\u201d\" data-quantity=\"1\" data-product_id=\"22149\" data-product_sku=\"\" data-price=\"4350\" rel=\"nofollow\" class=\"wp-block-button__link  add_to_cart_button\" data-no-translation=\"\" data-trp-gettext=\"\" data-no-translation-aria-label=\"\">Select options<\/a><\/div>\n\t\t\t<\/li><li class=\"wc-block-grid__product\">\n\t\t\t\t<a href=\"https:\/\/www.vedab.se\/en\/product\/bjorkved-storsack\/\" class=\"wc-block-grid__product-link\">\n\t\t\t\t\t\n\t\t\t\t\t<div class=\"wc-block-grid__product-image\"><img decoding=\"async\" width=\"500\" height=\"629\" src=\"https:\/\/www.vedab.se\/wp-content\/uploads\/20240903_132134_resized-rotated-1-500x629.webp\" class=\"attachment-woocommerce_thumbnail size-woocommerce_thumbnail\" alt=\"Torr bj\u00f6rkved\" srcset=\"https:\/\/www.vedab.se\/wp-content\/uploads\/20240903_132134_resized-rotated-1-500x629.webp 500w, https:\/\/www.vedab.se\/wp-content\/uploads\/20240903_132134_resized-rotated-1-238x300.webp 238w, https:\/\/www.vedab.se\/wp-content\/uploads\/20240903_132134_resized-rotated-1-814x1024.webp 814w, https:\/\/www.vedab.se\/wp-content\/uploads\/20240903_132134_resized-rotated-1-768x966.webp 768w, https:\/\/www.vedab.se\/wp-content\/uploads\/20240903_132134_resized-rotated-1-1221x1536.webp 1221w, https:\/\/www.vedab.se\/wp-content\/uploads\/20240903_132134_resized-rotated-1.webp 1424w\" sizes=\"(max-width: 500px) 100vw, 500px\" \/><\/div>\n\t\t\t\t\t<div class=\"wc-block-grid__product-title\">Bj\u00f6rkved Stors\u00e4ck<\/div>\n\t\t\t\t<\/a>\n\t\t\t\t<div class=\"wc-block-grid__product-price price\"><span class=\"woocommerce-Price-amount amount\" aria-hidden=\"true\">1845,00&nbsp;<span class=\"woocommerce-Price-currencySymbol\">&#107;&#114;<\/span><\/span> <span aria-hidden=\"true\">&ndash;<\/span> <span class=\"woocommerce-Price-amount amount\" aria-hidden=\"true\">2195,00&nbsp;<span class=\"woocommerce-Price-currencySymbol\">&#107;&#114;<\/span><\/span><span class=\"screen-reader-text\" data-no-translation=\"\" data-trp-gettext=\"\">Price range: 1845,00&nbsp;&#107;&#114; through 2195,00&nbsp;&#107;&#114;<\/span><\/div>\n\t\t\t\t\n\t\t\t\t<div class=\"wp-block-button wc-block-grid__product-add-to-cart\"><a href=\"https:\/\/www.vedab.se\/en\/product\/bjorkved-storsack\/\" aria-label=\"Select options for \u201cBj\u00f6rkved Stors\u00e4ck\u201d\" data-quantity=\"1\" data-product_id=\"22015\" data-product_sku=\"b87ef4ed-8a16-ed11-b83e-002248818c22\" data-price=\"1845\" rel=\"nofollow\" class=\"wp-block-button__link  add_to_cart_button\" data-no-translation=\"\" data-trp-gettext=\"\" data-no-translation-aria-label=\"\">Select options<\/a><\/div>\n\t\t\t<\/li><\/ul><\/div><\/div>\n<\/div>\n\t\t\t\t\t\t\t\t<\/div>\n\t\t\t\t<\/div>\n\t\t\t\t\t<\/div>\n\t\t<\/div>\n\t\t\t\t\t<\/div>\n\t\t<\/section>\n\t\t\t\t<\/div>","protected":false},"excerpt":{"rendered":"","protected":false},"author":9,"featured_media":0,"parent":0,"menu_order":0,"comment_status":"closed","ping_status":"closed","template":"elementor_header_footer","meta":{"footnotes":""},"class_list":["post-20948","page","type-page","status-publish","hentry"],"_links":{"self":[{"href":"https:\/\/www.vedab.se\/en\/wp-json\/wp\/v2\/pages\/20948","targetHints":{"allow":["GET"]}}],"collection":[{"href":"https:\/\/www.vedab.se\/en\/wp-json\/wp\/v2\/pages"}],"about":[{"href":"https:\/\/www.vedab.se\/en\/wp-json\/wp\/v2\/types\/page"}],"author":[{"embeddable":true,"href":"https:\/\/www.vedab.se\/en\/wp-json\/wp\/v2\/users\/9"}],"replies":[{"embeddable":true,"href":"https:\/\/www.vedab.se\/en\/wp-json\/wp\/v2\/comments?post=20948"}],"version-history":[{"count":27,"href":"https:\/\/www.vedab.se\/en\/wp-json\/wp\/v2\/pages\/20948\/revisions"}],"predecessor-version":[{"id":22056,"href":"https:\/\/www.vedab.se\/en\/wp-json\/wp\/v2\/pages\/20948\/revisions\/22056"}],"wp:attachment":[{"href":"https:\/\/www.vedab.se\/en\/wp-json\/wp\/v2\/media?parent=20948"}],"curies":[{"name":"wp","href":"https:\/\/api.w.org\/{rel}","templated":true}]}}