{"id":20908,"date":"2024-11-12T07:34:29","date_gmt":"2024-11-12T07:34:29","guid":{"rendered":"https:\/\/www.vedab.se\/?page_id=20908"},"modified":"2025-12-22T23:50:26","modified_gmt":"2025-12-22T22:50:26","slug":"villkor","status":"publish","type":"page","link":"https:\/\/www.vedab.se\/en\/villkor\/","title":{"rendered":"Villkor"},"content":{"rendered":"<div data-elementor-type=\"wp-post\" data-elementor-id=\"20908\" class=\"elementor elementor-20908\" data-elementor-post-type=\"page\">\n\t\t\t\t\t\t<section class=\"elementor-section elementor-top-section elementor-element elementor-element-59de167 elementor-section-boxed elementor-section-height-default elementor-section-height-default wpr-particle-no wpr-jarallax-no wpr-parallax-no wpr-sticky-section-no\" data-id=\"59de167\" data-element_type=\"section\" data-e-type=\"section\" data-settings=\"{&quot;background_background&quot;:&quot;classic&quot;}\">\n\t\t\t\t\t\t<div class=\"elementor-container elementor-column-gap-default\">\n\t\t\t\t\t<div class=\"elementor-column elementor-col-100 elementor-top-column elementor-element elementor-element-b3c6fab\" data-id=\"b3c6fab\" data-element_type=\"column\" data-e-type=\"column\">\n\t\t\t<div class=\"elementor-widget-wrap elementor-element-populated\">\n\t\t\t\t\t\t<div class=\"elementor-element elementor-element-488fb28 elementor-widget elementor-widget-heading\" data-id=\"488fb28\" data-element_type=\"widget\" data-e-type=\"widget\" data-widget_type=\"heading.default\">\n\t\t\t\t<div class=\"elementor-widget-container\">\n\t\t\t\t\t<h2 class=\"elementor-heading-title elementor-size-default\">Villkor<\/h2>\t\t\t\t<\/div>\n\t\t\t\t<\/div>\n\t\t\t\t\t<\/div>\n\t\t<\/div>\n\t\t\t\t\t<\/div>\n\t\t<\/section>\n\t\t\t\t<section class=\"elementor-section elementor-top-section elementor-element elementor-element-0d458d1 elementor-section-stretched elementor-reverse-mobile elementor-section-boxed elementor-section-height-default elementor-section-height-default wpr-particle-no wpr-jarallax-no wpr-parallax-no wpr-sticky-section-no\" data-id=\"0d458d1\" data-element_type=\"section\" data-e-type=\"section\" data-settings=\"{&quot;stretch_section&quot;:&quot;section-stretched&quot;,&quot;background_background&quot;:&quot;classic&quot;}\">\n\t\t\t\t\t\t<div class=\"elementor-container elementor-column-gap-default\">\n\t\t\t\t\t<div class=\"elementor-column elementor-col-100 elementor-top-column elementor-element elementor-element-255fbee\" data-id=\"255fbee\" data-element_type=\"column\" data-e-type=\"column\" data-settings=\"{&quot;background_background&quot;:&quot;classic&quot;}\">\n\t\t\t<div class=\"elementor-widget-wrap elementor-element-populated\">\n\t\t\t\t\t\t<div class=\"elementor-element elementor-element-253cde1 elementor-widget elementor-widget-text-editor\" data-id=\"253cde1\" data-element_type=\"widget\" data-e-type=\"widget\" data-widget_type=\"text-editor.default\">\n\t\t\t\t<div class=\"elementor-widget-container\">\n\t\t\t\t\t\t\t\t\t<h3>Villkor<\/h3><h4>K\u00f6pvillkor<\/h4><p>Priser och leveranser<\/p><p>Vedab.se levererar ved hela v\u00e4gen hem till dig. Vi f\u00f6ljer g\u00e4llande lager, regler och rekommendationer ang e-handel. F\u00f6r transporten av varorna f\u00f6ljer vi Allm\u00e4nna Best\u00e4mmelser Sveriges \u00c5kerif\u00f6retag Alltrans 2007.<\/p><p>Priserna f\u00f6r varorna framg\u00e5r p\u00e5 hemsidan och priset inklusive transport.<\/p><p>Vid best\u00e4llning anger ni dina kontaktuppgifter inklusive leveransadress och postnummer vilket \u00e4r v\u00e5rt underlag f\u00f6r leveransen.<\/p><p>Kontakta g\u00e4rna oss om du \u00e4r tveksam eller har ytterligare fr\u00e5gor.<\/p><h4>Betalningsvilkor<\/h4><p>Betalning ske via Klarna eller Swish.<\/p><p>Vi samarbetar med Klarna. Du v\u00e4ljer sj\u00e4lv p\u00e5 vilket s\u00e4tt du betalar f\u00f6r varorna n\u00e4r du \u201dcheckar ut\u201d varukorgen. Vi f\u00f6ljer Klarnas handelsvillkor. Du hittar dem h\u00e4r https:\/\/www.klarna.com\/se\/villkor\/<\/p><p>Vi telefonf\u00f6rs\u00e4ljning eller via mail s\u00e5 sker betalning\u00a0<span style=\"font-family: var( --e-global-typography-text-font-family ), Sans-serif; font-weight: var( --e-global-typography-text-font-weight ); font-size: 1rem;\">med Swish efter leverans. Du swishar hela beloppet till Logac AB 123 125 3210.<\/span><\/p><h4>Leveransvillkor<\/h4><p>Vid best\u00e4llning \u00e4r v\u00e5r ambition att leverera hela v\u00e4gen hem till inom maximalt 10 vardagar. Detta \u00e4r ingen garanti utan ska endast ses som v\u00e4gledande. Vid f\u00f6rsening kommer ni att bli underr\u00e4ttad av oss. Eventuellt skada p.g.a f\u00f6rsenad leverans ers\u00e4tts inte av Vedab.se.<\/p><h4>Expressbest\u00e4llning<\/h4><p>Om det \u00e4r br\u00e5ttom eller om du vill specificera en exakt leveransdag s\u00e5 erbjuder vi expressleveransservice. Leveransen sker d\u00e5 inom samma dag eller dagen efter men som senast inom 2 arbetsdagar efter best\u00e4llning. Denna service kan endast best\u00e4llas p\u00e5 varor som \u00e4r markerade som \u201dExpressleverans\u201d.<\/p><h4>Acceptans, \u00e5nger- och reklamations-r\u00e4tt<\/h4><p>N\u00e4r du handlar p\u00e5 Vedab.se.se s\u00e5 har du 14 dagars \u00e5ngerr\u00e4tt och 24 m\u00e5naders reklamationsr\u00e4tt.<\/p><h4>Acceptans av varan<\/h4><p>Vid leverans beh\u00f6ver ni inspektera godset och meddela chauff\u00f6ren om n\u00e5got inte st\u00e4mmer. Om du inte \u00e4r hemma vid leveranstidpunkten s\u00e5 accepterar ni godset obesiktigat.<\/p><h4>\u00c5ngerr\u00e4tt<\/h4><p>Du har alltid 14 dagars \u00e5ngerr\u00e4tt fr\u00e5n det datum som du har mottagit varan.\u00a0<\/p><p>Vid \u00e5ngrat k\u00f6p bekostas returfrakten av dig dvs\u00a0<span style=\"font-family: var( --e-global-typography-text-font-family ), Sans-serif; font-weight: var( --e-global-typography-text-font-weight ); font-size: 1rem;\">du sj\u00e4lv ombes\u00f6rjer transporten till v\u00e5r adress, senast 14 dagar efter mottagandet<\/span><span style=\"font-family: var( --e-global-typography-text-font-family ), Sans-serif; font-weight: var( --e-global-typography-text-font-weight ); font-size: 1rem;\">. Du ska sj\u00e4lv vara uppm\u00e4rksam p\u00e5 att frakten utg\u00f6r en stor del av det totala priset. V\u00e4ljer du att returnera varan med v\u00e5r lastbil, ska du betala f\u00f6r returtransporten motsvarande leveranspriset. Om du returnerar varan, skall den vara i samma skick\/beskaffenhet som n\u00e4r du mottog varan. Detta betyder att \u00e5ngerr\u00e4tten kan bortfalla om produktens skick eller m\u00e4ngd inte \u00e4r densamma som vid leverans.<\/span><\/p><h3>Transport<\/h3><h4>Transport med Kranbil<\/h4><p>Vi levererar alltid med kranbil, en Iveco Daily som drivs av metangas, det b\u00e4sta alternativet med minst milj\u00f6p\u00e5verkan. Det \u00e4r en liten smidig lastbil som \u00e4r relativt l\u00e4tt s\u00e5 den kan k\u00f6ra p\u00e5 v\u00e4gar och underlag som normala tyngre lastbilar inte kommer fram p\u00e5. Bredden \u00e4r anpassad efter privatkunders behov d\u00e5 den kommer in mellan grindstolpar och tr\u00e4d. Den l\u00e4gre h\u00f6jden g\u00f6r att risken f\u00f6r brutna grenar eller nerrivna elledningar minskas. En perfekt kranbil f\u00f6r hemleveranser till kund.<\/p><h4><span style=\"font-family: var( --e-global-typography-text-font-family ), Sans-serif; font-weight: var( --e-global-typography-text-font-weight ); font-size: 1rem;\">F\u00f6r en lyckad kranbilsleverans hela v\u00e4gen hem till dig s\u00e5 finns det ett antal f\u00f6ruts\u00e4ttningar som ska uppfyllas.\u00a0 Det \u00e4r ditt ansvar som kund att se till att dessa tillgodoses. Hela transportstr\u00e4ckan hem till dig ska vara v\u00e4g- eller f\u00e4rjeled med ett underlag anpassat f\u00f6r f\u00e4rd med tung lastbil. V\u00e4gen ska vara minst 2.6 meter bred och med en fri h\u00f6jd p\u00e5 2,8 meter fram till leveransplatsen. Vid leveransplatsen beh\u00f6ver kranen n\u00f6dv\u00e4ndigt r\u00f6relseutrymme upp\u00e5t och runt omkring f\u00f6r att kunna lasta av varorna.<\/span><\/h4><p>Vid ankomsten g\u00f6r vi en bed\u00f6mning om f\u00e4rd och avlastning kan utf\u00f6ras vid den \u00f6nskade leveransplatsen. Om chauff\u00f6ren ber\u00f6mmer att f\u00e4rd eller avlastning ej kan genomf\u00f6ras beslutar chauff\u00f6ren enr\u00e5digt var varorna kan lastas av.<\/p><p>I priset ing\u00e5r en leveranstid p\u00e5 15 minuter. Om leveransen tar mer \u00e4n 15 minuter och det beror p\u00e5 kunden s\u00e5 har vi r\u00e4tt att ta ut ers\u00e4ttning. Denna betalas med swish eller mot faktura.<\/p><h4>Bomk\u00f6rning<\/h4><p>Om transporten till leveransplatsen inte \u00e4r m\u00f6jlig att genomf\u00f6ra, uppkommer det en s.k. bomk\u00f6rning. Detta inneb\u00e4r att chauff\u00f6ren f\u00f6r leveransen tvingas k\u00f6ra tillbaka till utk\u00f6rningsplatsen. Detta kan bl.a. orsakas av hinder p\u00e5 v\u00e4gen, eller att v\u00e4gen till leveransplatsen inte lever upp till de f\u00f6ruts\u00e4ttningar som kr\u00e4vs f\u00f6r att en leverans ska vara m\u00f6jlig. Det \u00e4r kundens ansvar att s\u00e4kerst\u00e4lla att dessa krav \u00e4r uppfyllda och skulle en bomk\u00f6rning ske pga. ofullkomliga f\u00f6ruts\u00e4ttningar s\u00e5 \u00e4r det kunden som ombes\u00f6rjer den tillkommande kostnaden f\u00f6r bomk\u00f6rningen. Betalning sker med swish eller mot faktura.<\/p><h4>Klarna<\/h4><p>Vi anv\u00e4nder Klarna som leverant\u00f6r av v\u00e5r kassa. Detta inneb\u00e4r att vi kan komma att dela dina personuppgifter s\u00e5som kontaktuppgifter och orderinformation med Klarna n\u00e4r kassan laddas, f\u00f6r att Klarna ska kunna hantera ditt k\u00f6p. Dina personuppgifter som delas behandlas enligt Klarnas egen dataskyddsinformation.<\/p><h4>L\u00e4gstaPris garanti<\/h4><p>Vi jobbar h\u00e5rt f\u00f6r att vara f\u00f6rstavalet f\u00f6r kunder inom Stockholmsomr\u00e5det. En del av detta jobb \u00e4r att h\u00e5lla l\u00e5ga priser. Vi \u00e4r stolta \u00f6ver v\u00e5rt arbeta och f\u00f6r vissa varor \u00e4r vi s\u00e4kra p\u00e5 att vara kostnadsledande s\u00e5 f\u00f6r dem s\u00e5 har vi L\u00e4gstaPris Garanti. Dessa varor markeras tydlig med \u201dL\u00e4gstaPris garanti g\u00e4ller\u201d. Skulle du, mot f\u00f6rmodan, hitta samma vara med samma kvalite och transports\u00e4tt till ett l\u00e4gre pris hos n\u00e5gon konkurrent, s\u00e5 f\u00e5r du k\u00f6pa varan f\u00f6r 10 % BILLIGARE \u00e4n hos konkurrenten. Det kallar vi ett tryggt k\u00f6p!<\/p><p>Vi s\u00e4nker priset med motsvarande belopp i samband med din best\u00e4llning. Prisj\u00e4mf\u00f6relsen g\u00e4ller fram till leverans mot uppvisande av kontrollerbara uppgifter tex att varan finns att k\u00f6pa till ett l\u00e4gre pris, t.ex en annons eller pris p\u00e5 hemsida som levererar till dig som kund p\u00e5 samma s\u00e4tt .<\/p><p>L\u00e4gsta Pris Garantin g\u00e4ller inom ett begr\u00e4nsat omr\u00e5de och styrs av postnummret i leveransadressen. Postnummer d\u00e4r vi garanterar L\u00e4gsta pris \u00e4r:<\/p><div>110 00-119 99*,<br \/>120 00-129 99,<br \/>131 30-131 57,<br \/>131 60,<br \/>131 61,<br \/>131 65,<br \/>131 71-131 75,<br \/>132 30-132 53,<br \/>135 30-135 63,<br \/>135 67-135 70,<br \/>136 35-136 50,<br \/>136 55-13675,<br \/>137 31-137 43,<br \/>137 54-137 71,<br \/>137 91-137 93,<br \/>137 95,<br \/>137 97,<br \/>138 30-138 40,<br \/>141 30-141 63,<br \/>141 68-141 75,<br \/>141 91,<br \/>141 92,<br \/>142 30-142 43,<br \/>142 50-142 53,<br \/>142 60-142 66,<br \/>142 91,<br \/>143 30-143 32,<br \/>143 40-143 47,<br \/>144 30-144 33,<br \/>144 37,<br \/>144 40,<br \/>144 42,<br \/>144 44,<br \/>144 51,<br \/>144 52,<br \/>144 61-144 64,<br \/>145 50-145 53,<br \/>145 56-145 60,<br \/>145 63-145 76,<br \/>145 90,<br \/>146 30-146 41,<br \/>146 45-146 54,<br \/>147 30-147 34,<br \/>147 39-147 46,<br \/>147 50-147 55,<br \/>147 60-147 63,<br \/>151 32-151 38,<br \/>151 44-151 51,<br \/>151 53-151 63,<br \/>151 68,<br \/>151 71-151 73,<br \/>152 30,<br \/>152 31,<br \/>152 40-152 44,<br \/>152 48-152 59,<br \/>152 70,<br \/>152 71,<br \/>152 95,<br \/>162 43-162 74,<br \/>163 40-163 47,<br \/>163 50-163 57,<br \/>163 61-163 77,<br \/>164 30-164 55,<br \/>164 71-164 79,<br \/>164 91,<br \/>165 52-165 66,<br \/>165 70-165 78,<br \/>167 31-167 45,<br \/>167 51-167 76,<br \/>168 30-168 78,<br \/>169 30-169 41,<br \/>169 50-169 79,<br \/>170 61-170 79,<br \/>171 41-172 30,<br \/>172 31-172 41,<br \/>172 61-172 79,<br \/>174 41-174 66,<br \/>175 41-175 69,<br \/>176 68-176 77,<br \/>177 30-177 65,<br \/>177 70,<br \/>177 71,<br \/>178 93,<br \/>181 29-181 67,<br \/>181 90,<br \/>182 30-182 39,<br \/>182 45-182 57,<br \/>182 60-182 69,<br \/>182 73-182 91,<br \/>183 30-183 41,<br \/>183 47-183 79,<br \/>184 30-184 44,<br \/>184 50-184 53,<br \/>184 60-184 64,<br \/>184 70,<br \/>184 91-184 94,<br \/>184 96,<br \/>185 31-185 39,<br \/>185 51,<br \/>185 91,<br \/>185 93-185 95,<br \/>185 99,<br \/>186 30-186 56,<br \/>186 91,<br \/>186 92,<br \/>187 30-187 77,<br \/>191 33-191 64,<br \/>192 32,<br \/>192 48,<br \/>192 51-192 59,<br \/>192 65-192 79,<br \/>194 30-194 91,<br \/>194 92,<br \/>195 60-195 72,<br \/>195 95,<br \/>196 30-196 41,<br \/>196 91-196 93,<\/div><h4>Kunddatahantering<\/h4><p><strong>F\u00f6r att m\u00f6jligg\u00f6ra handel p\u00e5 vedab.se s\u00e5 registreras f\u00f6ljande personliga upplysningar:<\/strong><\/p><p>Namn<br \/>Adress<br \/>Telefonnummer<br \/>E-mail adress<\/p><p>Vi utf\u00f6r registreringen av dina personliga uppgifter i syfte att kunna leverera till dig. Dina personuppgifter registreras hos vedab.se och arkiveras i fem \u00e5r och raderas d\u00e4refter. Ansvariga \u00f6ver Privata data hos vedab.se \u00e4r Jonas Klingenstierna. Har du fr\u00e5gor eller kommentarer s\u00e5 n\u00e5r du honom p\u00e5 <a href=\"tel:072 5074025\">072 5074025.<\/a><\/p><p>Upplysningar som registrerats p\u00e5 Vedab.se vidarebefordras eller s\u00e4ljs under inga omst\u00e4ndigheter vidare till tredje part. Vi registrerar heller inte k\u00e4nslig personlig information<\/p>\t\t\t\t\t\t\t\t<\/div>\n\t\t\t\t<\/div>\n\t\t\t\t\t<\/div>\n\t\t<\/div>\n\t\t\t\t\t<\/div>\n\t\t<\/section>\n\t\t\t\t<\/div>","protected":false},"excerpt":{"rendered":"<p>Villkor Villkor K\u00f6pvillkor Priser och leveranser Vedab.se levererar ved hela v\u00e4gen hem till dig. Vi f\u00f6ljer g\u00e4llande lager, regler och rekommendationer ang e-handel. F\u00f6r transporten av varorna f\u00f6ljer vi Allm\u00e4nna Best\u00e4mmelser Sveriges \u00c5kerif\u00f6retag Alltrans 2007. Priserna f\u00f6r varorna framg\u00e5r p\u00e5 hemsidan och priset inklusive transport. Vid best\u00e4llning anger ni dina kontaktuppgifter inklusive leveransadress och postnummer vilket \u00e4r v\u00e5rt underlag f\u00f6r leveransen. Kontakta g\u00e4rna oss om du \u00e4r tveksam eller har ytterligare fr\u00e5gor. Betalningsvilkor Betalning ske via Klarna eller Swish. Vi samarbetar med Klarna. Du v\u00e4ljer sj\u00e4lv p\u00e5 vilket s\u00e4tt du betalar f\u00f6r varorna n\u00e4r du \u201dcheckar ut\u201d varukorgen. Vi f\u00f6ljer Klarnas handelsvillkor. Du hittar dem h\u00e4r https:\/\/www.klarna.com\/se\/villkor\/ Vi telefonf\u00f6rs\u00e4ljning eller via mail s\u00e5 sker betalning\u00a0med Swish efter leverans. Du swishar hela beloppet till Logac AB 123 125 3210. Leveransvillkor Vid best\u00e4llning \u00e4r v\u00e5r ambition att leverera hela v\u00e4gen hem till inom maximalt 10 vardagar. Detta \u00e4r ingen garanti utan ska endast ses som v\u00e4gledande. Vid f\u00f6rsening kommer ni att bli underr\u00e4ttad av oss. Eventuellt skada p.g.a f\u00f6rsenad leverans ers\u00e4tts inte av Vedab.se. Expressbest\u00e4llning Om det \u00e4r br\u00e5ttom eller om du vill specificera en exakt leveransdag s\u00e5 erbjuder vi expressleveransservice. Leveransen sker d\u00e5 inom samma dag eller dagen efter men som senast inom 2 arbetsdagar efter best\u00e4llning. Denna service kan endast best\u00e4llas p\u00e5 varor som \u00e4r markerade som \u201dExpressleverans\u201d. Acceptans, \u00e5nger- och reklamations-r\u00e4tt N\u00e4r du handlar p\u00e5 Vedab.se.se s\u00e5 har du 14 dagars \u00e5ngerr\u00e4tt och 24 m\u00e5naders reklamationsr\u00e4tt. Acceptans av varan Vid leverans beh\u00f6ver ni inspektera godset och meddela chauff\u00f6ren om n\u00e5got inte st\u00e4mmer. Om du inte \u00e4r hemma vid leveranstidpunkten s\u00e5 accepterar ni godset obesiktigat. \u00c5ngerr\u00e4tt Du har alltid 14 dagars \u00e5ngerr\u00e4tt fr\u00e5n det datum som du har mottagit varan.\u00a0 Vid \u00e5ngrat k\u00f6p bekostas returfrakten av dig dvs\u00a0du sj\u00e4lv ombes\u00f6rjer transporten till v\u00e5r adress, senast 14 dagar efter mottagandet. Du ska sj\u00e4lv vara uppm\u00e4rksam p\u00e5 att frakten utg\u00f6r en stor del av det totala priset. V\u00e4ljer du att returnera varan med v\u00e5r lastbil, ska du betala f\u00f6r returtransporten motsvarande leveranspriset. Om du returnerar varan, skall den vara i samma skick\/beskaffenhet som n\u00e4r du mottog varan. Detta betyder att \u00e5ngerr\u00e4tten kan bortfalla om produktens skick eller m\u00e4ngd inte \u00e4r densamma som vid leverans. Transport Transport med Kranbil Vi levererar alltid med kranbil, en Iveco Daily som drivs av metangas, det b\u00e4sta alternativet med minst milj\u00f6p\u00e5verkan. Det \u00e4r en liten smidig lastbil som \u00e4r relativt l\u00e4tt s\u00e5 den kan k\u00f6ra p\u00e5 v\u00e4gar och underlag som normala tyngre lastbilar inte kommer fram p\u00e5. Bredden \u00e4r anpassad efter privatkunders behov d\u00e5 den kommer in mellan grindstolpar och tr\u00e4d. Den l\u00e4gre h\u00f6jden g\u00f6r att risken f\u00f6r brutna grenar eller nerrivna elledningar minskas. En perfekt kranbil f\u00f6r hemleveranser till kund. F\u00f6r en lyckad kranbilsleverans hela v\u00e4gen hem till dig s\u00e5 finns det ett antal f\u00f6ruts\u00e4ttningar som ska uppfyllas.\u00a0 Det \u00e4r ditt ansvar som kund att se till att dessa tillgodoses. Hela transportstr\u00e4ckan hem till dig ska vara v\u00e4g- eller f\u00e4rjeled med ett underlag anpassat f\u00f6r f\u00e4rd med tung lastbil. V\u00e4gen ska vara minst 2.6 meter bred och med en fri h\u00f6jd p\u00e5 2,8 meter fram till leveransplatsen. Vid leveransplatsen beh\u00f6ver kranen n\u00f6dv\u00e4ndigt r\u00f6relseutrymme upp\u00e5t och runt omkring f\u00f6r att kunna lasta av varorna. Vid ankomsten g\u00f6r vi en bed\u00f6mning om f\u00e4rd och avlastning kan utf\u00f6ras vid den \u00f6nskade leveransplatsen. Om chauff\u00f6ren ber\u00f6mmer att f\u00e4rd eller avlastning ej kan genomf\u00f6ras beslutar chauff\u00f6ren enr\u00e5digt var varorna kan lastas av. I priset ing\u00e5r en leveranstid p\u00e5 15 minuter. Om leveransen tar mer \u00e4n 15 minuter och det beror p\u00e5 kunden s\u00e5 har vi r\u00e4tt att ta ut ers\u00e4ttning. Denna betalas med swish eller mot faktura. Bomk\u00f6rning Om transporten till leveransplatsen inte \u00e4r m\u00f6jlig att genomf\u00f6ra, uppkommer det en s.k. bomk\u00f6rning. Detta inneb\u00e4r att chauff\u00f6ren f\u00f6r leveransen tvingas k\u00f6ra tillbaka till utk\u00f6rningsplatsen. Detta kan bl.a. orsakas av hinder p\u00e5 v\u00e4gen, eller att v\u00e4gen till leveransplatsen inte lever upp till de f\u00f6ruts\u00e4ttningar som kr\u00e4vs f\u00f6r att en leverans ska vara m\u00f6jlig. Det \u00e4r kundens ansvar att s\u00e4kerst\u00e4lla att dessa krav \u00e4r uppfyllda och skulle en bomk\u00f6rning ske pga. ofullkomliga f\u00f6ruts\u00e4ttningar s\u00e5 \u00e4r det kunden som ombes\u00f6rjer den tillkommande kostnaden f\u00f6r bomk\u00f6rningen. Betalning sker med swish eller mot faktura. Klarna Vi anv\u00e4nder Klarna som leverant\u00f6r av v\u00e5r kassa. Detta inneb\u00e4r att vi kan komma att dela dina personuppgifter s\u00e5som kontaktuppgifter och orderinformation med Klarna n\u00e4r kassan laddas, f\u00f6r att Klarna ska kunna hantera ditt k\u00f6p. Dina personuppgifter som delas behandlas enligt Klarnas egen dataskyddsinformation. L\u00e4gstaPris garanti Vi jobbar h\u00e5rt f\u00f6r att vara f\u00f6rstavalet f\u00f6r kunder inom Stockholmsomr\u00e5det. En del av detta jobb \u00e4r att h\u00e5lla l\u00e5ga priser. Vi \u00e4r stolta \u00f6ver v\u00e5rt arbeta och f\u00f6r vissa varor \u00e4r vi s\u00e4kra p\u00e5 att vara kostnadsledande s\u00e5 f\u00f6r dem s\u00e5 har vi L\u00e4gstaPris Garanti. Dessa varor markeras tydlig med \u201dL\u00e4gstaPris garanti g\u00e4ller\u201d. Skulle du, mot f\u00f6rmodan, hitta samma vara med samma kvalite och transports\u00e4tt till ett l\u00e4gre pris hos n\u00e5gon konkurrent, s\u00e5 f\u00e5r du k\u00f6pa varan f\u00f6r 10 % BILLIGARE \u00e4n hos konkurrenten. Det kallar vi ett tryggt k\u00f6p! Vi s\u00e4nker priset med motsvarande belopp i samband med din best\u00e4llning. Prisj\u00e4mf\u00f6relsen g\u00e4ller fram till leverans mot uppvisande av kontrollerbara uppgifter tex att varan finns att k\u00f6pa till ett l\u00e4gre pris, t.ex en annons eller pris p\u00e5 hemsida som levererar till dig som kund p\u00e5 samma s\u00e4tt . L\u00e4gsta Pris Garantin g\u00e4ller inom ett begr\u00e4nsat omr\u00e5de och styrs av postnummret i leveransadressen. Postnummer d\u00e4r vi garanterar L\u00e4gsta pris \u00e4r: 110 00-119 99*,120 00-129 99,131 30-131 57,131 60,131 61,131 65,131 71-131 75,132 30-132 53,135 30-135 63,135 67-135 70,136 35-136 50,136 55-13675,137 31-137 43,137 54-137 71,137 91-137 93,137 95,137 97,138 30-138 40,141 30-141 63,141 68-141 75,141 91,141 92,142 30-142 43,142 50-142 53,142 60-142 66,142 91,143 30-143 32,143 40-143 47,144 30-144 33,144 37,144 40,144 42,144 44,144 51,144 52,144 61-144 64,145 50-145 53,145 56-145 60,145 63-145 76,145 90,146 30-146 41,146 45-146 54,147 30-147 34,147 39-147 46,147 50-147 55,147 60-147 63,151 32-151 38,151 44-151 51,151 53-151 63,151 68,151 71-151 73,152 30,152 31,152 40-152 44,152 48-152 59,152 70,152 71,152 95,162 43-162 74,163 40-163 47,163 50-163 57,163 61-163 77,164 30-164 55,164<\/p>","protected":false},"author":9,"featured_media":0,"parent":0,"menu_order":0,"comment_status":"closed","ping_status":"closed","template":"","meta":{"footnotes":""},"class_list":["post-20908","page","type-page","status-publish","hentry"],"_links":{"self":[{"href":"https:\/\/www.vedab.se\/en\/wp-json\/wp\/v2\/pages\/20908","targetHints":{"allow":["GET"]}}],"collection":[{"href":"https:\/\/www.vedab.se\/en\/wp-json\/wp\/v2\/pages"}],"about":[{"href":"https:\/\/www.vedab.se\/en\/wp-json\/wp\/v2\/types\/page"}],"author":[{"embeddable":true,"href":"https:\/\/www.vedab.se\/en\/wp-json\/wp\/v2\/users\/9"}],"replies":[{"embeddable":true,"href":"https:\/\/www.vedab.se\/en\/wp-json\/wp\/v2\/comments?post=20908"}],"version-history":[{"count":9,"href":"https:\/\/www.vedab.se\/en\/wp-json\/wp\/v2\/pages\/20908\/revisions"}],"predecessor-version":[{"id":22349,"href":"https:\/\/www.vedab.se\/en\/wp-json\/wp\/v2\/pages\/20908\/revisions\/22349"}],"wp:attachment":[{"href":"https:\/\/www.vedab.se\/en\/wp-json\/wp\/v2\/media?parent=20908"}],"curies":[{"name":"wp","href":"https:\/\/api.w.org\/{rel}","templated":true}]}}