{"id":13085,"date":"2017-04-25T13:25:25","date_gmt":"2017-04-25T13:25:25","guid":{"rendered":"https:\/\/www.vedab.se.loopiadns.com\/?page_id=13085"},"modified":"2024-12-31T06:32:23","modified_gmt":"2024-12-31T05:32:23","slug":"lankar-om-ved","status":"publish","type":"page","link":"https:\/\/www.vedab.se\/en\/lankar-om-ved\/","title":{"rendered":"L\u00e4nkar om ved"},"content":{"rendered":"<div data-elementor-type=\"wp-post\" data-elementor-id=\"13085\" class=\"elementor elementor-13085\" data-elementor-post-type=\"page\">\n\t\t\t\t\t\t<section class=\"elementor-section elementor-top-section elementor-element elementor-element-7fc75af1 elementor-section-boxed elementor-section-height-default elementor-section-height-default wpr-particle-no wpr-jarallax-no wpr-parallax-no wpr-sticky-section-no\" data-id=\"7fc75af1\" data-element_type=\"section\" data-e-type=\"section\" data-settings=\"{&quot;background_background&quot;:&quot;classic&quot;}\">\n\t\t\t\t\t\t<div class=\"elementor-container elementor-column-gap-default\">\n\t\t\t\t\t<div class=\"elementor-column elementor-col-100 elementor-top-column elementor-element elementor-element-5519a362\" data-id=\"5519a362\" data-element_type=\"column\" data-e-type=\"column\">\n\t\t\t<div class=\"elementor-widget-wrap elementor-element-populated\">\n\t\t\t\t\t\t<div class=\"elementor-element elementor-element-3164f28 elementor-widget elementor-widget-heading\" data-id=\"3164f28\" data-element_type=\"widget\" data-e-type=\"widget\" data-widget_type=\"heading.default\">\n\t\t\t\t<div class=\"elementor-widget-container\">\n\t\t\t\t\t<h1 class=\"elementor-heading-title elementor-size-default\">L\u00e4nkar om ved<\/h1>\t\t\t\t<\/div>\n\t\t\t\t<\/div>\n\t\t\t\t<div class=\"elementor-element elementor-element-475ff294 elementor-align-center elementor-mobile-align-center elementor-tablet-align-center elementor-widget elementor-widget-button\" data-id=\"475ff294\" data-element_type=\"widget\" data-e-type=\"widget\" data-widget_type=\"button.default\">\n\t\t\t\t<div class=\"elementor-widget-container\">\n\t\t\t\t\t\t\t\t\t<div class=\"elementor-button-wrapper\">\n\t\t\t\t\t<a class=\"elementor-button elementor-button-link elementor-size-sm\" href=\"https:\/\/www.vedab.se\/en\/bestallningkontakt\/\">\n\t\t\t\t\t\t<span class=\"elementor-button-content-wrapper\">\n\t\t\t\t\t\t<span class=\"elementor-button-icon\">\n\t\t\t\t<i aria-hidden=\"true\" class=\"far fa-arrow-alt-circle-right\"><\/i>\t\t\t<\/span>\n\t\t\t\t\t\t\t\t\t<span class=\"elementor-button-text\">BEST\u00c4LL H\u00c4R<\/span>\n\t\t\t\t\t<\/span>\n\t\t\t\t\t<\/a>\n\t\t\t\t<\/div>\n\t\t\t\t\t\t\t\t<\/div>\n\t\t\t\t<\/div>\n\t\t\t\t<div class=\"elementor-element elementor-element-fd620ca elementor-align-center elementor-mobile-align-center elementor-hidden-desktop elementor-hidden-tablet elementor-hidden-mobile elementor-widget elementor-widget-button\" data-id=\"fd620ca\" data-element_type=\"widget\" data-e-type=\"widget\" data-widget_type=\"button.default\">\n\t\t\t\t<div class=\"elementor-widget-container\">\n\t\t\t\t\t\t\t\t\t<div class=\"elementor-button-wrapper\">\n\t\t\t\t\t<a class=\"elementor-button elementor-button-link elementor-size-md\" href=\"https:\/\/www.vedab.se\/en\/bestallningkontakt\/\">\n\t\t\t\t\t\t<span class=\"elementor-button-content-wrapper\">\n\t\t\t\t\t\t<span class=\"elementor-button-icon\">\n\t\t\t\t<i aria-hidden=\"true\" class=\"fas fa-angle-double-right\"><\/i>\t\t\t<\/span>\n\t\t\t\t\t\t\t\t\t<span class=\"elementor-button-text\">BEST\u00c4LL H\u00c4R<\/span>\n\t\t\t\t\t<\/span>\n\t\t\t\t\t<\/a>\n\t\t\t\t<\/div>\n\t\t\t\t\t\t\t\t<\/div>\n\t\t\t\t<\/div>\n\t\t\t\t\t<\/div>\n\t\t<\/div>\n\t\t\t\t\t<\/div>\n\t\t<\/section>\n\t\t\t\t<section class=\"elementor-section elementor-top-section elementor-element elementor-element-6ccad626 elementor-section-boxed elementor-section-height-default elementor-section-height-default wpr-particle-no wpr-jarallax-no wpr-parallax-no wpr-sticky-section-no\" data-id=\"6ccad626\" data-element_type=\"section\" data-e-type=\"section\">\n\t\t\t\t\t\t<div class=\"elementor-container elementor-column-gap-default\">\n\t\t\t\t\t<div class=\"elementor-column elementor-col-100 elementor-top-column elementor-element elementor-element-345525ee\" data-id=\"345525ee\" data-element_type=\"column\" data-e-type=\"column\">\n\t\t\t<div class=\"elementor-widget-wrap elementor-element-populated\">\n\t\t\t\t\t\t<div class=\"elementor-element elementor-element-3fc9f3c6 elementor-widget elementor-widget-text-editor\" data-id=\"3fc9f3c6\" data-element_type=\"widget\" data-e-type=\"widget\" data-widget_type=\"text-editor.default\">\n\t\t\t\t<div class=\"elementor-widget-container\">\n\t\t\t\t\t\t\t\t\t<div class=\"BodyTextContainer\">\n<h3 class=\"BodyTextContainerTop\"><strong><a href=\"https:\/\/www.vedab.se\/en\/\">Ved Stockholm<\/a> beh\u00f6ver och ser fram emot!<\/strong><\/h3>\n<div id=\"ctl00_contentPlaceHolder__B3_readPanel_\">\n<div class=\"ParagraphContainer\">\n<p>Det finns m\u00e5nga tillf\u00e4llen som kr\u00e4ver bra vedbr\u00e4nsle, och vi vet att det kan k\u00e4nnas lockande att fylla p\u00e5 kamin och eldstad med s\u00e5dant som man finner p\u00e5 tomten eller i skogen. Men av erfarenhet s\u00e5 kan vi s\u00e4ga att vi till sist \u00e4nd\u00e5 blir f\u00f6rsta valet \u00e4ven f\u00f6r den som har en naturtomt med gott om fallna grenar. V\u00e5ra vedklabbar \u00e4r n\u00e4mligen inte bara prisv\u00e4rda, de h\u00e5ller r\u00e4tt form, \u00e4r utan m\u00f6gel och f\u00f6roreningar, och kommer i smarta f\u00f6rpackningar som skyddar veden mot v\u00e4der och vind. H\u00f6r av dig till oss d\u00e5 du beh\u00f6ver ved Stockholm verkligen drar stor nytta av!<\/p>\n<h3><strong>Ved Stockholm m\u00e5r bra av<\/strong><\/h3>\n<p>N\u00e5got som vi vill p\u00e5peka \u00e4r vikten av att elda med friskt vedbr\u00e4nsle. Fyll inte hemmet med m\u00f6gelpartiklar, skadeinsekter och annat som kan finnas i vedklabbar som inte har hanterats och torkats p\u00e5 r\u00e4tt s\u00e4tt! N\u00e4r du best\u00e4ller fr\u00e5n oss s\u00e5 f\u00e5r du ved Stockholm m\u00e5r bra av. V\u00e5ra veds\u00e4ckar inneh\u00e5ller bara klabbar som har genomg\u00e5tt r\u00e4tt typ av torkningsprocess och som inte \u00f6verstiger 20 % i fuktighetshalt. Du f\u00e5r frisk och trevlig eldning utan obehaglig lukt och med den v\u00e4rmeutveckling som du \u00e4r ute efter.<\/p>\n<h3><strong>L\u00e4tt hantering med beh\u00e4ndiga vedklabbar<\/strong><\/h3>\n<p>Det kan vara kul men ganska arbetsamt att sj\u00e4lv st\u00e5 och hugga ved. Har man inte r\u00e4tt teknik och bra utrustning s\u00e5 f\u00e5r man otympliga klabbar som kan vara sv\u00e5ra att torka och elda med. V\u00e5ra s\u00e4ckar inneh\u00e5ller bara beh\u00e4ndiga vedklabbar som passar bra i kaminen, den \u00f6ppna eldstaden, bastun och kakelugnen. Det \u00e4r helt upp till dig var och hur du vill elda med v\u00e5r ved, den kommer i ett format som g\u00f6r det l\u00e4tt att flytta p\u00e5 klabbar och att starta en brasa.<\/p>\n<h3><strong>Snabb och s\u00e4ker <a title=\"Leveransvillkor\" href=\"https:\/\/www.vedab.se\/en\/0\/11\/leveransvillkor\/\">leverans<\/a><\/strong><\/h3>\n<p>Oavsett var du befinner dig i Stockholmsomr\u00e5det s\u00e5 kan du r\u00e4kna med att vi kan komma med den b\u00e4sta eldveden. Med v\u00e5r hemk\u00f6rning av ved i Stockholm s\u00e5 beh\u00f6ver du inte fundera p\u00e5 n\u00e4r du ska f\u00e5 tid att plocka upp br\u00e4nslet. Vi kommer hela v\u00e4gen hem till dig och du beh\u00f6ver inte finnas p\u00e5 plats. Betala med faktura efter leverans, och lita p\u00e5 att vedklabbarna f\u00f6rblir torra d\u00e5 de st\u00e5r p\u00e5 pallar inneslutna i plast. S\u00e5 oavsett om du beh\u00f6ver ved i Sollentuna, T\u00e4by, Vallentuna eller p\u00e5 annan ort i Stockholmsregionen s\u00e5 kan du kontakta oss f\u00f6r att best\u00e4lla. Vi kan ocks\u00e5 k\u00f6ra till omkringliggande omr\u00e5den s\u00e5 kontakta oss om du beh\u00f6ver ved i Uppsala eller annan ort som ligger n\u00e4ra storstadsomr\u00e5det.<\/p>\n<h3><strong>Billig ved som h\u00e5ller m\u00e5ttet<\/strong><\/h3>\n<p>Vi ger mycket goda priser f\u00f6r vedtr\u00e4 som h\u00e5ller mycket h\u00f6g kvalitet. Med oss s\u00e5 f\u00e5r du vedbr\u00e4nsle som verkligen kommer till god anv\u00e4ndning och transporten ing\u00e5r alltid i priset. Med tanke p\u00e5 att det h\u00e4r \u00e4r ved som ger riktigt god energiutdelning s\u00e5 l\u00f6nar det sig att best\u00e4lla hellre \u00e4n att f\u00f6rs\u00f6ka med eget surt tr\u00e4 fr\u00e5n tomten. H\u00f6r av dig till oss idag med fr\u00e5gor eller f\u00f6r att best\u00e4lla ved Stockholm blir varmare och friskare av. Vi finns p\u00e5 telefon och via email f\u00f6r att hj\u00e4lpa dig med din vedleverans. Mer information om oss <a href=\"https:\/\/www.vedab.se\/en\/om-oss\/\">h\u00e4r.<\/a><\/p>\n<p><br><\/p>\n<\/div>\n<\/div>\n<\/div>\t\t\t\t\t\t\t\t<\/div>\n\t\t\t\t<\/div>\n\t\t\t\t\t<\/div>\n\t\t<\/div>\n\t\t\t\t\t<\/div>\n\t\t<\/section>\n\t\t\t\t<section class=\"elementor-section elementor-top-section elementor-element elementor-element-2f12d15 elementor-hidden-desktop elementor-hidden-tablet elementor-hidden-mobile elementor-section-boxed elementor-section-height-default elementor-section-height-default wpr-particle-no wpr-jarallax-no wpr-parallax-no wpr-sticky-section-no\" data-id=\"2f12d15\" data-element_type=\"section\" data-e-type=\"section\">\n\t\t\t\t\t\t<div class=\"elementor-container elementor-column-gap-default\">\n\t\t\t\t\t<div class=\"elementor-column elementor-col-100 elementor-top-column elementor-element elementor-element-261f291\" data-id=\"261f291\" data-element_type=\"column\" data-e-type=\"column\">\n\t\t\t<div class=\"elementor-widget-wrap elementor-element-populated\">\n\t\t\t\t\t\t<div class=\"elementor-element elementor-element-1d8c9e2 elementor-nav-menu--dropdown-tablet elementor-nav-menu__text-align-aside elementor-nav-menu--toggle elementor-nav-menu--burger elementor-widget elementor-widget-nav-menu\" data-id=\"1d8c9e2\" data-element_type=\"widget\" data-e-type=\"widget\" data-settings=\"{&quot;layout&quot;:&quot;horizontal&quot;,&quot;submenu_icon&quot;:{&quot;value&quot;:&quot;&lt;i class=\\&quot;fas fa-caret-down\\&quot; aria-hidden=\\&quot;true\\&quot;&gt;&lt;\\\/i&gt;&quot;,&quot;library&quot;:&quot;fa-solid&quot;},&quot;toggle&quot;:&quot;burger&quot;}\" data-widget_type=\"nav-menu.default\">\n\t\t\t\t<div class=\"elementor-widget-container\">\n\t\t\t\t\t\t\t\t<nav aria-label=\"Menu\" class=\"elementor-nav-menu--main elementor-nav-menu__container elementor-nav-menu--layout-horizontal e--pointer-underline e--animation-fade\">\n\t\t\t\t<ul id=\"menu-1-1d8c9e2\" class=\"elementor-nav-menu\"><li class=\"menu-item menu-item-type-post_type menu-item-object-page menu-item-13355\"><a href=\"https:\/\/www.vedab.se\/en\/bestallning\/\" class=\"elementor-item\">Best\u00e4llning<\/a><\/li>\n<li class=\"menu-item menu-item-type-post_type menu-item-object-page menu-item-has-children menu-item-13356\"><a href=\"https:\/\/www.vedab.se\/en\/om-oss\/\" class=\"elementor-item\">Om oss<\/a>\n<ul class=\"sub-menu elementor-nav-menu--dropdown\">\n\t<li class=\"menu-item menu-item-type-post_type menu-item-object-page menu-item-13352\"><a href=\"https:\/\/www.vedab.se\/en\/lankar-om-ved\/\" class=\"elementor-sub-item\">L\u00e4nkar om ved<\/a><\/li>\n\t<li class=\"menu-item menu-item-type-post_type menu-item-object-page menu-item-13353\"><a href=\"https:\/\/www.vedab.se\/en\/vedfakta\/\" class=\"elementor-sub-item\">Vedfakta<\/a><\/li>\n<\/ul>\n<\/li>\n<li class=\"menu-item menu-item-type-post_type menu-item-object-page menu-item-home menu-item-13360\"><a href=\"https:\/\/www.vedab.se\/en\/\" class=\"elementor-item\">HEM<\/a><\/li>\n<\/ul>\t\t\t<\/nav>\n\t\t\t\t\t<div class=\"elementor-menu-toggle\" role=\"button\" tabindex=\"0\" aria-label=\"Menu Toggle\" aria-expanded=\"false\">\n\t\t\t<i aria-hidden=\"true\" role=\"presentation\" class=\"elementor-menu-toggle__icon--open eicon-menu-bar\"><\/i><i aria-hidden=\"true\" role=\"presentation\" class=\"elementor-menu-toggle__icon--close eicon-close\"><\/i>\t\t<\/div>\n\t\t\t\t\t<nav class=\"elementor-nav-menu--dropdown elementor-nav-menu__container\" aria-hidden=\"true\">\n\t\t\t\t<ul id=\"menu-2-1d8c9e2\" class=\"elementor-nav-menu\"><li class=\"menu-item menu-item-type-post_type menu-item-object-page menu-item-13355\"><a href=\"https:\/\/www.vedab.se\/en\/bestallning\/\" class=\"elementor-item\" tabindex=\"-1\">Best\u00e4llning<\/a><\/li>\n<li class=\"menu-item menu-item-type-post_type menu-item-object-page menu-item-has-children menu-item-13356\"><a href=\"https:\/\/www.vedab.se\/en\/om-oss\/\" class=\"elementor-item\" tabindex=\"-1\">Om oss<\/a>\n<ul class=\"sub-menu elementor-nav-menu--dropdown\">\n\t<li class=\"menu-item menu-item-type-post_type menu-item-object-page menu-item-13352\"><a href=\"https:\/\/www.vedab.se\/en\/lankar-om-ved\/\" class=\"elementor-sub-item\" tabindex=\"-1\">L\u00e4nkar om ved<\/a><\/li>\n\t<li class=\"menu-item menu-item-type-post_type menu-item-object-page menu-item-13353\"><a href=\"https:\/\/www.vedab.se\/en\/vedfakta\/\" class=\"elementor-sub-item\" tabindex=\"-1\">Vedfakta<\/a><\/li>\n<\/ul>\n<\/li>\n<li class=\"menu-item menu-item-type-post_type menu-item-object-page menu-item-home menu-item-13360\"><a href=\"https:\/\/www.vedab.se\/en\/\" class=\"elementor-item\" tabindex=\"-1\">HEM<\/a><\/li>\n<\/ul>\t\t\t<\/nav>\n\t\t\t\t\t\t<\/div>\n\t\t\t\t<\/div>\n\t\t\t\t\t<\/div>\n\t\t<\/div>\n\t\t\t\t\t<\/div>\n\t\t<\/section>\n\t\t\t\t<\/div>","protected":false},"excerpt":{"rendered":"<p>L\u00e4nkar om ved BEST\u00c4LL H\u00c4R BEST\u00c4LL H\u00c4R Ved Stockholm beh\u00f6ver och ser fram emot! Det finns m\u00e5nga tillf\u00e4llen som kr\u00e4ver bra vedbr\u00e4nsle, och vi vet att det kan k\u00e4nnas lockande att fylla p\u00e5 kamin och eldstad med s\u00e5dant som man finner p\u00e5 tomten eller i skogen. Men av erfarenhet s\u00e5 kan vi s\u00e4ga att vi till sist \u00e4nd\u00e5 blir f\u00f6rsta valet \u00e4ven f\u00f6r den som har en naturtomt med gott om fallna grenar. V\u00e5ra vedklabbar \u00e4r n\u00e4mligen inte bara prisv\u00e4rda, de h\u00e5ller r\u00e4tt form, \u00e4r utan m\u00f6gel och f\u00f6roreningar, och kommer i smarta f\u00f6rpackningar som skyddar veden mot v\u00e4der och vind. H\u00f6r av dig till oss d\u00e5 du beh\u00f6ver ved Stockholm verkligen drar stor nytta av! Ved Stockholm m\u00e5r bra av N\u00e5got som vi vill p\u00e5peka \u00e4r vikten av att elda med friskt vedbr\u00e4nsle. Fyll inte hemmet med m\u00f6gelpartiklar, skadeinsekter och annat som kan finnas i vedklabbar som inte har hanterats och torkats p\u00e5 r\u00e4tt s\u00e4tt! N\u00e4r du best\u00e4ller fr\u00e5n oss s\u00e5 f\u00e5r du ved Stockholm m\u00e5r bra av. V\u00e5ra veds\u00e4ckar inneh\u00e5ller bara klabbar som har genomg\u00e5tt r\u00e4tt typ av torkningsprocess och som inte \u00f6verstiger 20 % i fuktighetshalt. Du f\u00e5r frisk och trevlig eldning utan obehaglig lukt och med den v\u00e4rmeutveckling som du \u00e4r ute efter. L\u00e4tt hantering med beh\u00e4ndiga vedklabbar Det kan vara kul men ganska arbetsamt att sj\u00e4lv st\u00e5 och hugga ved. Har man inte r\u00e4tt teknik och bra utrustning s\u00e5 f\u00e5r man otympliga klabbar som kan vara sv\u00e5ra att torka och elda med. V\u00e5ra s\u00e4ckar inneh\u00e5ller bara beh\u00e4ndiga vedklabbar som passar bra i kaminen, den \u00f6ppna eldstaden, bastun och kakelugnen. Det \u00e4r helt upp till dig var och hur du vill elda med v\u00e5r ved, den kommer i ett format som g\u00f6r det l\u00e4tt att flytta p\u00e5 klabbar och att starta en brasa. Snabb och s\u00e4ker leverans Oavsett var du befinner dig i Stockholmsomr\u00e5det s\u00e5 kan du r\u00e4kna med att vi kan komma med den b\u00e4sta eldveden. Med v\u00e5r hemk\u00f6rning av ved i Stockholm s\u00e5 beh\u00f6ver du inte fundera p\u00e5 n\u00e4r du ska f\u00e5 tid att plocka upp br\u00e4nslet. Vi kommer hela v\u00e4gen hem till dig och du beh\u00f6ver inte finnas p\u00e5 plats. Betala med faktura efter leverans, och lita p\u00e5 att vedklabbarna f\u00f6rblir torra d\u00e5 de st\u00e5r p\u00e5 pallar inneslutna i plast. S\u00e5 oavsett om du beh\u00f6ver ved i Sollentuna, T\u00e4by, Vallentuna eller p\u00e5 annan ort i Stockholmsregionen s\u00e5 kan du kontakta oss f\u00f6r att best\u00e4lla. Vi kan ocks\u00e5 k\u00f6ra till omkringliggande omr\u00e5den s\u00e5 kontakta oss om du beh\u00f6ver ved i Uppsala eller annan ort som ligger n\u00e4ra storstadsomr\u00e5det. Billig ved som h\u00e5ller m\u00e5ttet Vi ger mycket goda priser f\u00f6r vedtr\u00e4 som h\u00e5ller mycket h\u00f6g kvalitet. Med oss s\u00e5 f\u00e5r du vedbr\u00e4nsle som verkligen kommer till god anv\u00e4ndning och transporten ing\u00e5r alltid i priset. Med tanke p\u00e5 att det h\u00e4r \u00e4r ved som ger riktigt god energiutdelning s\u00e5 l\u00f6nar det sig att best\u00e4lla hellre \u00e4n att f\u00f6rs\u00f6ka med eget surt tr\u00e4 fr\u00e5n tomten. H\u00f6r av dig till oss idag med fr\u00e5gor eller f\u00f6r att best\u00e4lla ved Stockholm blir varmare och friskare av. Vi finns p\u00e5 telefon och via email f\u00f6r att hj\u00e4lpa dig med din vedleverans. Mer information om oss h\u00e4r.<\/p>","protected":false},"author":9,"featured_media":0,"parent":0,"menu_order":0,"comment_status":"closed","ping_status":"closed","template":"","meta":{"footnotes":""},"class_list":["post-13085","page","type-page","status-publish","hentry"],"_links":{"self":[{"href":"https:\/\/www.vedab.se\/en\/wp-json\/wp\/v2\/pages\/13085","targetHints":{"allow":["GET"]}}],"collection":[{"href":"https:\/\/www.vedab.se\/en\/wp-json\/wp\/v2\/pages"}],"about":[{"href":"https:\/\/www.vedab.se\/en\/wp-json\/wp\/v2\/types\/page"}],"author":[{"embeddable":true,"href":"https:\/\/www.vedab.se\/en\/wp-json\/wp\/v2\/users\/9"}],"replies":[{"embeddable":true,"href":"https:\/\/www.vedab.se\/en\/wp-json\/wp\/v2\/comments?post=13085"}],"version-history":[{"count":0,"href":"https:\/\/www.vedab.se\/en\/wp-json\/wp\/v2\/pages\/13085\/revisions"}],"wp:attachment":[{"href":"https:\/\/www.vedab.se\/en\/wp-json\/wp\/v2\/media?parent=13085"}],"curies":[{"name":"wp","href":"https:\/\/api.w.org\/{rel}","templated":true}]}}