{"id":13083,"date":"2017-04-25T13:24:52","date_gmt":"2017-04-25T13:24:52","guid":{"rendered":"https:\/\/www.vedab.se.loopiadns.com\/?page_id=13083"},"modified":"2024-11-15T08:55:58","modified_gmt":"2024-11-15T08:55:58","slug":"vedfakta","status":"publish","type":"page","link":"https:\/\/www.vedab.se\/en\/vedfakta\/","title":{"rendered":"Vedfakta"},"content":{"rendered":"<div data-elementor-type=\"wp-post\" data-elementor-id=\"13083\" class=\"elementor elementor-13083\" data-elementor-post-type=\"page\">\n\t\t\t\t\t\t<section class=\"elementor-section elementor-top-section elementor-element elementor-element-d2f52e3 elementor-section-boxed elementor-section-height-default elementor-section-height-default wpr-particle-no wpr-jarallax-no wpr-parallax-no wpr-sticky-section-no\" data-id=\"d2f52e3\" data-element_type=\"section\" data-e-type=\"section\" data-settings=\"{&quot;background_background&quot;:&quot;classic&quot;}\">\n\t\t\t\t\t\t<div class=\"elementor-container elementor-column-gap-default\">\n\t\t\t\t\t<div class=\"elementor-column elementor-col-100 elementor-top-column elementor-element elementor-element-5b610dca\" data-id=\"5b610dca\" data-element_type=\"column\" data-e-type=\"column\">\n\t\t\t<div class=\"elementor-widget-wrap elementor-element-populated\">\n\t\t\t\t\t\t<div class=\"elementor-element elementor-element-40a8c670 elementor-widget elementor-widget-heading\" data-id=\"40a8c670\" data-element_type=\"widget\" data-e-type=\"widget\" data-widget_type=\"heading.default\">\n\t\t\t\t<div class=\"elementor-widget-container\">\n\t\t\t\t\t<h1 class=\"elementor-heading-title elementor-size-default\">Ved, allt om ved<\/h1>\t\t\t\t<\/div>\n\t\t\t\t<\/div>\n\t\t\t\t\t<\/div>\n\t\t<\/div>\n\t\t\t\t\t<\/div>\n\t\t<\/section>\n\t\t\t\t<section class=\"elementor-section elementor-top-section elementor-element elementor-element-0496f87 elementor-section-full_width elementor-section-height-default elementor-section-height-default wpr-particle-no wpr-jarallax-no wpr-parallax-no wpr-sticky-section-no\" data-id=\"0496f87\" data-element_type=\"section\" data-e-type=\"section\">\n\t\t\t\t\t\t<div class=\"elementor-container elementor-column-gap-no\">\n\t\t\t\t\t<div class=\"elementor-column elementor-col-100 elementor-top-column elementor-element elementor-element-277ca4b\" data-id=\"277ca4b\" data-element_type=\"column\" data-e-type=\"column\">\n\t\t\t<div class=\"elementor-widget-wrap elementor-element-populated\">\n\t\t\t\t\t\t<div class=\"elementor-element elementor-element-ff4f8bb elementor-widget elementor-widget-image\" data-id=\"ff4f8bb\" data-element_type=\"widget\" data-e-type=\"widget\" data-widget_type=\"image.default\">\n\t\t\t\t<div class=\"elementor-widget-container\">\n\t\t\t\t\t\t\t\t\t\t\t\t\t\t\t<img fetchpriority=\"high\" decoding=\"async\" width=\"1300\" height=\"400\" src=\"https:\/\/www.vedab.se\/wp-content\/uploads\/vedab-banner.jpg\" class=\"attachment-full size-full wp-image-21162\" alt=\"\" srcset=\"https:\/\/www.vedab.se\/wp-content\/uploads\/vedab-banner.jpg 1300w, https:\/\/www.vedab.se\/wp-content\/uploads\/vedab-banner-500x154.jpg 500w, https:\/\/www.vedab.se\/wp-content\/uploads\/vedab-banner-300x92.jpg 300w, https:\/\/www.vedab.se\/wp-content\/uploads\/vedab-banner-1024x315.jpg 1024w, https:\/\/www.vedab.se\/wp-content\/uploads\/vedab-banner-768x236.jpg 768w\" sizes=\"(max-width: 1300px) 100vw, 1300px\" \/>\t\t\t\t\t\t\t\t\t\t\t\t\t\t\t<\/div>\n\t\t\t\t<\/div>\n\t\t\t\t\t<\/div>\n\t\t<\/div>\n\t\t\t\t\t<\/div>\n\t\t<\/section>\n\t\t\t\t<section class=\"elementor-section elementor-top-section elementor-element elementor-element-7f828be3 elementor-section-boxed elementor-section-height-default elementor-section-height-default wpr-particle-no wpr-jarallax-no wpr-parallax-no wpr-sticky-section-no\" data-id=\"7f828be3\" data-element_type=\"section\" data-e-type=\"section\">\n\t\t\t\t\t\t<div class=\"elementor-container elementor-column-gap-default\">\n\t\t\t\t\t<div class=\"elementor-column elementor-col-100 elementor-top-column elementor-element elementor-element-643ec4bf\" data-id=\"643ec4bf\" data-element_type=\"column\" data-e-type=\"column\">\n\t\t\t<div class=\"elementor-widget-wrap elementor-element-populated\">\n\t\t\t\t\t\t<div class=\"elementor-element elementor-element-5cc52885 elementor-widget elementor-widget-text-editor\" data-id=\"5cc52885\" data-element_type=\"widget\" data-e-type=\"widget\" data-widget_type=\"text-editor.default\">\n\t\t\t\t<div class=\"elementor-widget-container\">\n\t\t\t\t\t\t\t\t\t<h2><strong>Vedfakta \u2013 16 sp\u00e4nnande fakta om ved!<\/strong><\/h2><p>Det finns stora f\u00f6rdelar med att kunna elda med vedbr\u00e4nsle. Oavsett om man g\u00f6r detta p\u00e5 landet eller i l\u00e4genheten i stan, s\u00e5 \u00e4r det viktigt att man anv\u00e4nder sig av r\u00e4tt typ av ved och att man f\u00f6rst\u00e5r lite mer omkring detta viktiga br\u00e4nsle. H\u00e4r har vi samlat 16 fakta om ved. L\u00e4s och l\u00e4r dig mer om br\u00e4nslet som har varit s\u00e5 centralt f\u00f6r m\u00e4nniskan i alla tider.<\/p><h3><strong>1. <\/strong><strong><a href=\"https:\/\/www.vedab.se\/en\/\">Ved<\/a> \u00e4r f\u00f6rnyelsebar energi!<\/strong><\/h3><p>Man t\u00e4nker kanske inte alltid p\u00e5 det men ved \u00e4r faktiskt f\u00f6rnyelsebar energi, och i Sverige s\u00e5 har vi god tillg\u00e5ng till detta br\u00e4nsle. I Sverige s\u00e5 avverkas cirka 75-80 % av virkestillv\u00e4xten s\u00e5 det svenska virkesf\u00f6rr\u00e5det \u00f6kar.<\/p><h3><strong>2. <\/strong><strong>Veden m\u00e5ste vara torr och frisk<\/strong><\/h3><p>Vi torkar vedbr\u00e4nslet i en torkhall som drivs av de sp\u00e5n som blir \u00f6ver fr\u00e5n produktionen av vedklabbarna. N\u00e4r man torkar p\u00e5 detta vis s\u00e5 slipper man m\u00f6gel som kan uppst\u00e5 vid till exempel lufttorkning.<\/p><h3><strong>3. <\/strong><strong>Vedeldning har blivit mer popul\u00e4r<\/strong><\/h3><p>M\u00e4nniskan har eldat med veden sedan urminnes tider men i modern tid s\u00e5 kan man s\u00e4ga att vedeldningen har blivit mer popul\u00e4r tack vare att priser p\u00e5 olja och el har stigit kraftigt. Vedbr\u00e4nslet \u00e4r ett bra alternativ \u00e4ven om man inte har sin egen skog d\u00e5 priset \u00e4r konkurrenskraftigt.<\/p><h3><strong>4. <\/strong><strong>Bj\u00f6rkved \u00e4r den vanligaste vedsorten<\/strong><\/h3><p>Det \u00e4r vanligast att man eldar med <a title=\"Ved Stockholm\" href=\"https:\/\/www.vedab.se\/en\/14\/1\/ved-stockholm\/\">bj\u00f6rkved <\/a>och den massaved som blir till eldningsved kommer i stort sett bara fr\u00e5n privata skogs\u00e4gare. Bj\u00f6rkveden har m\u00e5nga f\u00f6rdelar som att den torkar bra och har ett gott energiinneh\u00e5ll i f\u00f6rh\u00e5llande till volymen.<\/p><h3><strong>5. <\/strong><strong>Prispress fr\u00e5n \u00f6st<\/strong><\/h3><p>Sedan Rysslands och de forna \u00f6ststaternas skogsindustri kom p\u00e5 f\u00f6tter s\u00e5 har det uppst\u00e5tt en prispress p\u00e5 vedbr\u00e4nsle som m\u00e4rks \u00e4ven i Sverige. En av de st\u00f6rre vedproducenterna fr\u00e5n \u00f6st \u00e4r Estland men de exporterar mest till Norge och Danmark och inte i s\u00e5 h\u00f6g utstr\u00e4ckning till Sverige. V\u00e5ra priser finns <a href=\"https:\/\/www.vedab.se\/en\/priser-2\/\">h\u00e4r<\/a>.<\/p><h3><strong>6. <\/strong><strong>Bra att handla ved lokalt<\/strong><\/h3><p>Det finns flera f\u00f6rdelar med att k\u00f6pa vedklabbar lokalt. En av dessa \u00e4r att man minskar riskerna f\u00f6r att skadeinsekter ska g\u00f6ra bo i veden och f\u00f6rst\u00f6ra den d\u00e5 den inte beh\u00f6ver st\u00e5 och v\u00e4nta p\u00e5 transport l\u00e4nge.<\/p><h3><strong>7. <\/strong><strong>Vedens energi<\/strong><\/h3><p>Man kan elda med olika tr\u00e4dslag och de har alla olika f\u00f6rdelar och nackdelar. Om vi ser p\u00e5 vedens energi i f\u00f6rh\u00e5llande till vikt s\u00e5 kan man v\u00e4lja tr\u00e4slag som ger mer \u00e4n bj\u00f6rk men dessa \u00e4r dyrare d\u00e5 de finns i begr\u00e4nsad m\u00e4ngd och dessutom s\u00e5 har de inte alltid samma fina egenskaper som leder l\u00e4ngre brinntid. H\u00e4r \u00e4r n\u00e5gra exempel p\u00e5 tr\u00e4dslag och deras br\u00e4nnv\u00e4rden per fastkubikmeter i kilowattimmar:<\/p><ul><li>Bok: 3 000 kWh<\/li><li>Ask: 2 900 kWh<\/li><li>Ek: 2 900 kWh<\/li><li>L\u00f6nn: 2 800 kWh<\/li><li>R\u00f6nn: 2 700 kWh<\/li><li>Bj\u00f6rk: 2 650 kWh<\/li><li>Furu (tall): 2 350 kWh<\/li><li>Klibbal: 2 350 kWh<\/li><li>S\u00e4lg: 2 290 kWh<\/li><li>Gran: 2 000 kWh<\/li><li>Asp: 2 000 kWh<\/li><li>Gr\u00e5al: 1 900 kWh<\/li><\/ul><p>1 kg torr ved = ca 4,3 kWh, p\u00e5 1 fastkubik g\u00e5r det ca 2 l\u00f6skubik ved.<\/p><h3><strong>8.\u00a0 <\/strong><strong>Skogsr\u00f6ta och lagringsr\u00f6ta<\/strong><\/h3><p>N\u00e4r tr\u00e4 har drabbats av r\u00f6ta s\u00e5 g\u00e5r det inte att anv\u00e4nda till s\u00e5gverk eller pappersbruk. Men det g\u00e5r att elda med detta tr\u00e4 och energih\u00e5llet \u00e4r inte s\u00e5 mycket l\u00e4gre \u00e4n tr\u00e4 som inte har drabbats av r\u00f6ta. Skogsr\u00f6tan drabbar fr\u00e4mst gran medan lagringsr\u00f6ta kan angripa de flesta tr\u00e4dslag under f\u00f6rvaring. Lagringsr\u00f6ta undviker man genom att torka veden p\u00e5 r\u00e4tt s\u00e4tt. N\u00e4r du k\u00f6per ved p\u00e5 s\u00e4ck s\u00e5 kan du lita p\u00e5 att den inte kommer att inneh\u00e5lla n\u00e5gon r\u00f6ta!<\/p><h3><strong>9. <\/strong><strong>B\u00e4sta veden avverkas i januari och februari<\/strong><\/h3><p>Den b\u00e4sta veden avverkas i b\u00f6rjan av \u00e5ret och det g\u00e4ller att klyva den s\u00e5 snart som bara m\u00f6jligt. Om man ska producera m\u00e5nga vedklabbar s\u00e5 beh\u00f6ver man professionella verktyg som vedkapar. En vedklyv kan man anv\u00e4nda f\u00f6r mindre volymer och \u00e4ven anv\u00e4nda privat hemma.<\/p><h3><strong>10. <\/strong><strong>B\u00e4sta torkningen av veden<\/strong><\/h3><p>Veden ska torka under v\u00e5rm\u00e5naderna n\u00e4r luftens fukthalt \u00e4r l\u00e5g men man m\u00e5ste ocks\u00e5 torka p\u00e5 r\u00e4tt s\u00e4tt och se till att veden ligger p\u00e5 ett luftigt s\u00e4tt. Ett pl\u00e5ttak p\u00e5 stolpar utan v\u00e4ggar \u00e4r ett bra alternativ. Professionell ved torkas p\u00e5 mer effektivt s\u00e4tt d\u00e4r man ser till att m\u00f6gel inte f\u00e5r f\u00e4ste i veden. Bra ved har en fuktighetshalt under 20 %, om halten \u00e4r h\u00f6gre s\u00e5 b\u00f6r man inte f\u00f6rbr\u00e4nna veden.<\/p><h3><strong>11.\u00a0 <\/strong><strong>God eldningsteknik \u00e4r viktigt<\/strong><\/h3><p>Elda med torr ved f\u00f6r att f\u00e5 ut mesta m\u00f6jliga av den. Det kan ocks\u00e5 vara klokt att blanda barr och blad-ved f\u00f6r att f\u00e5 ut mesta m\u00f6jliga energi fr\u00e5n brasan. Ek ska man vara f\u00f6rsiktig med d\u00e5 den inneh\u00e5ller garvsyra som kan skada eldningsanordningen. Blanda d\u00e4rf\u00f6r alltid ek-ved med annat vedbr\u00e4nsle.<\/p><h3><strong>12.\u00a0 <\/strong><strong>Lagra inte ved inomhus!<\/strong><\/h3><p>Man ska inte lagra ved inomhus. Det kan leda till problem med skadeinsekter. En bra plats p\u00e5 tomten \u00e4r att f\u00f6redra och dessutom s\u00e5 b\u00f6r man ha en bra b\u00e4rkorg f\u00f6r ved som man kan plocka in det antal klabbar som man beh\u00f6ver f\u00f6r en eller tv\u00e5 dagars eldning. Om man har vedklabbar med bark s\u00e5 \u00e4r det bra att l\u00e5ta sidan med bark peka upp\u00e5t d\u00e5 man lagrar utomhus.<\/p><h3><strong>13.\u00a0 <\/strong><strong>Reng\u00f6r skorsten innan eldning<\/strong><\/h3><p>Om det ryker in s\u00e5 beror det antagligen p\u00e5 att skorstenen inte har rengjorts och inte p\u00e5 att den k\u00f6pta veden fr\u00e5n veds\u00e4cken inte h\u00e5ller h\u00f6g kvalitet. Man ska alltid unders\u00f6ka att skorstenen \u00e4r i gott skick innan man b\u00f6rjar elda.<\/p><h3><strong>14.\u00a0 <\/strong><strong>Elda med kortare vedklabbar<\/strong><\/h3><p>\u00c4ven om det finns plats f\u00f6r l\u00e4ngre vedklabbar s\u00e5 kan det vara en f\u00f6rdel att elda med kortare bitar eftersom de \u00e4r enklare att hantera b\u00e5de d\u00e5 man g\u00f6r upp elden och d\u00e5 man underh\u00e5ller den. Den vanligaste l\u00e4ngden p\u00e5 en vedklabb ligger p\u00e5 omkring 30-40 cm. Det \u00e4r ocks\u00e5 bra att v\u00e4lja vedklabbarna som har en enhetlig form.<\/p><h3><strong>15.\u00a0 <\/strong><strong>Vedbr\u00e4nslet kan ta slut<\/strong><\/h3><p>Man ska best\u00e4lla eldveden i tid f\u00f6r den kan ta slut d\u00e5 m\u00e5nga inser att det kommer att bli en kall vinter och vill ha ett lager med klabbar redo i god tid. Best\u00e4ll din ved <a title=\"Best\u00e4llning\/kontakt\" href=\"https:\/\/www.vedab.se\/en\/15\/6\/bestallningkontakt\/\">h\u00e4r<\/a>.<\/p><h3><strong>16.\u00a0 <\/strong><strong>T\u00e4ck veden med \u00f6verdrag<\/strong><\/h3><p>Om du f\u00f6rvarar ditt vedbr\u00e4nsle utomhus s\u00e5 kan det vara smart att t\u00e4cka med n\u00e5gon form av \u00f6verdrag f\u00f6r att skydda den. Se ocks\u00e5 till att den inte st\u00e5r direkt mot mark eller lutad mot husv\u00e4gg d\u00e4r det kan skapas plats f\u00f6r insekter som kan komma att f\u00f6rst\u00f6ra tr\u00e4et.<\/p>\t\t\t\t\t\t\t\t<\/div>\n\t\t\t\t<\/div>\n\t\t\t\t\t<\/div>\n\t\t<\/div>\n\t\t\t\t\t<\/div>\n\t\t<\/section>\n\t\t\t\t<section class=\"elementor-section elementor-top-section elementor-element elementor-element-5cb22e1 elementor-section-boxed elementor-section-height-default elementor-section-height-default wpr-particle-no wpr-jarallax-no wpr-parallax-no wpr-sticky-section-no\" data-id=\"5cb22e1\" data-element_type=\"section\" data-e-type=\"section\">\n\t\t\t\t\t\t<div class=\"elementor-container elementor-column-gap-default\">\n\t\t\t\t\t<div class=\"elementor-column elementor-col-100 elementor-top-column elementor-element elementor-element-a250a41\" data-id=\"a250a41\" data-element_type=\"column\" data-e-type=\"column\">\n\t\t\t<div class=\"elementor-widget-wrap\">\n\t\t\t\t\t\t\t<\/div>\n\t\t<\/div>\n\t\t\t\t\t<\/div>\n\t\t<\/section>\n\t\t\t\t<section class=\"elementor-section elementor-top-section elementor-element elementor-element-613d81e elementor-section-boxed elementor-section-height-default elementor-section-height-default wpr-particle-no wpr-jarallax-no wpr-parallax-no wpr-sticky-section-no\" data-id=\"613d81e\" data-element_type=\"section\" data-e-type=\"section\">\n\t\t\t\t\t\t<div class=\"elementor-container elementor-column-gap-default\">\n\t\t\t\t\t<div class=\"elementor-column elementor-col-100 elementor-top-column elementor-element elementor-element-be278c8\" data-id=\"be278c8\" data-element_type=\"column\" data-e-type=\"column\">\n\t\t\t<div class=\"elementor-widget-wrap elementor-element-populated\">\n\t\t\t\t\t\t<div class=\"elementor-element elementor-element-0f5308f elementor-nav-menu--dropdown-tablet elementor-nav-menu__text-align-aside elementor-nav-menu--toggle elementor-nav-menu--burger elementor-widget elementor-widget-nav-menu\" data-id=\"0f5308f\" data-element_type=\"widget\" data-e-type=\"widget\" data-settings=\"{&quot;layout&quot;:&quot;horizontal&quot;,&quot;submenu_icon&quot;:{&quot;value&quot;:&quot;&lt;i class=\\&quot;fas fa-caret-down\\&quot; aria-hidden=\\&quot;true\\&quot;&gt;&lt;\\\/i&gt;&quot;,&quot;library&quot;:&quot;fa-solid&quot;},&quot;toggle&quot;:&quot;burger&quot;}\" data-widget_type=\"nav-menu.default\">\n\t\t\t\t<div class=\"elementor-widget-container\">\n\t\t\t\t\t\t\t\t<nav aria-label=\"Menu\" class=\"elementor-nav-menu--main elementor-nav-menu__container elementor-nav-menu--layout-horizontal e--pointer-underline e--animation-fade\">\n\t\t\t\t<ul id=\"menu-1-0f5308f\" class=\"elementor-nav-menu\"><li class=\"menu-item menu-item-type-post_type menu-item-object-page menu-item-13355\"><a href=\"https:\/\/www.vedab.se\/en\/bestallning\/\" class=\"elementor-item\">Best\u00e4llning<\/a><\/li>\n<li class=\"menu-item menu-item-type-post_type menu-item-object-page menu-item-has-children menu-item-13356\"><a href=\"https:\/\/www.vedab.se\/en\/om-oss\/\" class=\"elementor-item\">Om oss<\/a>\n<ul class=\"sub-menu elementor-nav-menu--dropdown\">\n\t<li class=\"menu-item menu-item-type-post_type menu-item-object-page menu-item-13352\"><a href=\"https:\/\/www.vedab.se\/en\/lankar-om-ved\/\" class=\"elementor-sub-item\">L\u00e4nkar om ved<\/a><\/li>\n\t<li class=\"menu-item menu-item-type-post_type menu-item-object-page menu-item-13353\"><a href=\"https:\/\/www.vedab.se\/en\/vedfakta\/\" class=\"elementor-sub-item\">Vedfakta<\/a><\/li>\n<\/ul>\n<\/li>\n<li class=\"menu-item menu-item-type-post_type menu-item-object-page menu-item-home menu-item-13360\"><a href=\"https:\/\/www.vedab.se\/en\/\" class=\"elementor-item\">HEM<\/a><\/li>\n<\/ul>\t\t\t<\/nav>\n\t\t\t\t\t<div class=\"elementor-menu-toggle\" role=\"button\" tabindex=\"0\" aria-label=\"Menu Toggle\" aria-expanded=\"false\">\n\t\t\t<i aria-hidden=\"true\" role=\"presentation\" class=\"elementor-menu-toggle__icon--open eicon-menu-bar\"><\/i><i aria-hidden=\"true\" role=\"presentation\" class=\"elementor-menu-toggle__icon--close eicon-close\"><\/i>\t\t<\/div>\n\t\t\t\t\t<nav class=\"elementor-nav-menu--dropdown elementor-nav-menu__container\" aria-hidden=\"true\">\n\t\t\t\t<ul id=\"menu-2-0f5308f\" class=\"elementor-nav-menu\"><li class=\"menu-item menu-item-type-post_type menu-item-object-page menu-item-13355\"><a href=\"https:\/\/www.vedab.se\/en\/bestallning\/\" class=\"elementor-item\" tabindex=\"-1\">Best\u00e4llning<\/a><\/li>\n<li class=\"menu-item menu-item-type-post_type menu-item-object-page menu-item-has-children menu-item-13356\"><a href=\"https:\/\/www.vedab.se\/en\/om-oss\/\" class=\"elementor-item\" tabindex=\"-1\">Om oss<\/a>\n<ul class=\"sub-menu elementor-nav-menu--dropdown\">\n\t<li class=\"menu-item menu-item-type-post_type menu-item-object-page menu-item-13352\"><a href=\"https:\/\/www.vedab.se\/en\/lankar-om-ved\/\" class=\"elementor-sub-item\" tabindex=\"-1\">L\u00e4nkar om ved<\/a><\/li>\n\t<li class=\"menu-item menu-item-type-post_type menu-item-object-page menu-item-13353\"><a href=\"https:\/\/www.vedab.se\/en\/vedfakta\/\" class=\"elementor-sub-item\" tabindex=\"-1\">Vedfakta<\/a><\/li>\n<\/ul>\n<\/li>\n<li class=\"menu-item menu-item-type-post_type menu-item-object-page menu-item-home menu-item-13360\"><a href=\"https:\/\/www.vedab.se\/en\/\" class=\"elementor-item\" tabindex=\"-1\">HEM<\/a><\/li>\n<\/ul>\t\t\t<\/nav>\n\t\t\t\t\t\t<\/div>\n\t\t\t\t<\/div>\n\t\t\t\t\t<\/div>\n\t\t<\/div>\n\t\t\t\t\t<\/div>\n\t\t<\/section>\n\t\t\t\t<\/div>","protected":false},"excerpt":{"rendered":"<p>Ved, allt om ved Vedfakta \u2013 16 sp\u00e4nnande fakta om ved! Det finns stora f\u00f6rdelar med att kunna elda med vedbr\u00e4nsle. Oavsett om man g\u00f6r detta p\u00e5 landet eller i l\u00e4genheten i stan, s\u00e5 \u00e4r det viktigt att man anv\u00e4nder sig av r\u00e4tt typ av ved och att man f\u00f6rst\u00e5r lite mer omkring detta viktiga br\u00e4nsle. H\u00e4r har vi samlat 16 fakta om ved. L\u00e4s och l\u00e4r dig mer om br\u00e4nslet som har varit s\u00e5 centralt f\u00f6r m\u00e4nniskan i alla tider. 1. Ved \u00e4r f\u00f6rnyelsebar energi! Man t\u00e4nker kanske inte alltid p\u00e5 det men ved \u00e4r faktiskt f\u00f6rnyelsebar energi, och i Sverige s\u00e5 har vi god tillg\u00e5ng till detta br\u00e4nsle. I Sverige s\u00e5 avverkas cirka 75-80 % av virkestillv\u00e4xten s\u00e5 det svenska virkesf\u00f6rr\u00e5det \u00f6kar. 2. Veden m\u00e5ste vara torr och frisk Vi torkar vedbr\u00e4nslet i en torkhall som drivs av de sp\u00e5n som blir \u00f6ver fr\u00e5n produktionen av vedklabbarna. N\u00e4r man torkar p\u00e5 detta vis s\u00e5 slipper man m\u00f6gel som kan uppst\u00e5 vid till exempel lufttorkning. 3. Vedeldning har blivit mer popul\u00e4r M\u00e4nniskan har eldat med veden sedan urminnes tider men i modern tid s\u00e5 kan man s\u00e4ga att vedeldningen har blivit mer popul\u00e4r tack vare att priser p\u00e5 olja och el har stigit kraftigt. Vedbr\u00e4nslet \u00e4r ett bra alternativ \u00e4ven om man inte har sin egen skog d\u00e5 priset \u00e4r konkurrenskraftigt. 4. Bj\u00f6rkved \u00e4r den vanligaste vedsorten Det \u00e4r vanligast att man eldar med bj\u00f6rkved och den massaved som blir till eldningsved kommer i stort sett bara fr\u00e5n privata skogs\u00e4gare. Bj\u00f6rkveden har m\u00e5nga f\u00f6rdelar som att den torkar bra och har ett gott energiinneh\u00e5ll i f\u00f6rh\u00e5llande till volymen. 5. Prispress fr\u00e5n \u00f6st Sedan Rysslands och de forna \u00f6ststaternas skogsindustri kom p\u00e5 f\u00f6tter s\u00e5 har det uppst\u00e5tt en prispress p\u00e5 vedbr\u00e4nsle som m\u00e4rks \u00e4ven i Sverige. En av de st\u00f6rre vedproducenterna fr\u00e5n \u00f6st \u00e4r Estland men de exporterar mest till Norge och Danmark och inte i s\u00e5 h\u00f6g utstr\u00e4ckning till Sverige. V\u00e5ra priser finns h\u00e4r. 6. Bra att handla ved lokalt Det finns flera f\u00f6rdelar med att k\u00f6pa vedklabbar lokalt. En av dessa \u00e4r att man minskar riskerna f\u00f6r att skadeinsekter ska g\u00f6ra bo i veden och f\u00f6rst\u00f6ra den d\u00e5 den inte beh\u00f6ver st\u00e5 och v\u00e4nta p\u00e5 transport l\u00e4nge. 7. Vedens energi Man kan elda med olika tr\u00e4dslag och de har alla olika f\u00f6rdelar och nackdelar. Om vi ser p\u00e5 vedens energi i f\u00f6rh\u00e5llande till vikt s\u00e5 kan man v\u00e4lja tr\u00e4slag som ger mer \u00e4n bj\u00f6rk men dessa \u00e4r dyrare d\u00e5 de finns i begr\u00e4nsad m\u00e4ngd och dessutom s\u00e5 har de inte alltid samma fina egenskaper som leder l\u00e4ngre brinntid. H\u00e4r \u00e4r n\u00e5gra exempel p\u00e5 tr\u00e4dslag och deras br\u00e4nnv\u00e4rden per fastkubikmeter i kilowattimmar: Bok: 3 000 kWh Ask: 2 900 kWh Ek: 2 900 kWh L\u00f6nn: 2 800 kWh R\u00f6nn: 2 700 kWh Bj\u00f6rk: 2 650 kWh Furu (tall): 2 350 kWh Klibbal: 2 350 kWh S\u00e4lg: 2 290 kWh Gran: 2 000 kWh Asp: 2 000 kWh Gr\u00e5al: 1 900 kWh 1 kg torr ved = ca 4,3 kWh, p\u00e5 1 fastkubik g\u00e5r det ca 2 l\u00f6skubik ved. 8.\u00a0 Skogsr\u00f6ta och lagringsr\u00f6ta N\u00e4r tr\u00e4 har drabbats av r\u00f6ta s\u00e5 g\u00e5r det inte att anv\u00e4nda till s\u00e5gverk eller pappersbruk. Men det g\u00e5r att elda med detta tr\u00e4 och energih\u00e5llet \u00e4r inte s\u00e5 mycket l\u00e4gre \u00e4n tr\u00e4 som inte har drabbats av r\u00f6ta. Skogsr\u00f6tan drabbar fr\u00e4mst gran medan lagringsr\u00f6ta kan angripa de flesta tr\u00e4dslag under f\u00f6rvaring. Lagringsr\u00f6ta undviker man genom att torka veden p\u00e5 r\u00e4tt s\u00e4tt. N\u00e4r du k\u00f6per ved p\u00e5 s\u00e4ck s\u00e5 kan du lita p\u00e5 att den inte kommer att inneh\u00e5lla n\u00e5gon r\u00f6ta! 9. B\u00e4sta veden avverkas i januari och februari Den b\u00e4sta veden avverkas i b\u00f6rjan av \u00e5ret och det g\u00e4ller att klyva den s\u00e5 snart som bara m\u00f6jligt. Om man ska producera m\u00e5nga vedklabbar s\u00e5 beh\u00f6ver man professionella verktyg som vedkapar. En vedklyv kan man anv\u00e4nda f\u00f6r mindre volymer och \u00e4ven anv\u00e4nda privat hemma. 10. B\u00e4sta torkningen av veden Veden ska torka under v\u00e5rm\u00e5naderna n\u00e4r luftens fukthalt \u00e4r l\u00e5g men man m\u00e5ste ocks\u00e5 torka p\u00e5 r\u00e4tt s\u00e4tt och se till att veden ligger p\u00e5 ett luftigt s\u00e4tt. Ett pl\u00e5ttak p\u00e5 stolpar utan v\u00e4ggar \u00e4r ett bra alternativ. Professionell ved torkas p\u00e5 mer effektivt s\u00e4tt d\u00e4r man ser till att m\u00f6gel inte f\u00e5r f\u00e4ste i veden. Bra ved har en fuktighetshalt under 20 %, om halten \u00e4r h\u00f6gre s\u00e5 b\u00f6r man inte f\u00f6rbr\u00e4nna veden. 11.\u00a0 God eldningsteknik \u00e4r viktigt Elda med torr ved f\u00f6r att f\u00e5 ut mesta m\u00f6jliga av den. Det kan ocks\u00e5 vara klokt att blanda barr och blad-ved f\u00f6r att f\u00e5 ut mesta m\u00f6jliga energi fr\u00e5n brasan. Ek ska man vara f\u00f6rsiktig med d\u00e5 den inneh\u00e5ller garvsyra som kan skada eldningsanordningen. Blanda d\u00e4rf\u00f6r alltid ek-ved med annat vedbr\u00e4nsle. 12.\u00a0 Lagra inte ved inomhus! Man ska inte lagra ved inomhus. Det kan leda till problem med skadeinsekter. En bra plats p\u00e5 tomten \u00e4r att f\u00f6redra och dessutom s\u00e5 b\u00f6r man ha en bra b\u00e4rkorg f\u00f6r ved som man kan plocka in det antal klabbar som man beh\u00f6ver f\u00f6r en eller tv\u00e5 dagars eldning. Om man har vedklabbar med bark s\u00e5 \u00e4r det bra att l\u00e5ta sidan med bark peka upp\u00e5t d\u00e5 man lagrar utomhus. 13.\u00a0 Reng\u00f6r skorsten innan eldning Om det ryker in s\u00e5 beror det antagligen p\u00e5 att skorstenen inte har rengjorts och inte p\u00e5 att den k\u00f6pta veden fr\u00e5n veds\u00e4cken inte h\u00e5ller h\u00f6g kvalitet. Man ska alltid unders\u00f6ka att skorstenen \u00e4r i gott skick innan man b\u00f6rjar elda. 14.\u00a0 Elda med kortare vedklabbar \u00c4ven om det finns plats f\u00f6r l\u00e4ngre vedklabbar s\u00e5 kan det vara en f\u00f6rdel att elda med kortare bitar eftersom de \u00e4r enklare att hantera b\u00e5de d\u00e5 man g\u00f6r upp elden och d\u00e5 man underh\u00e5ller den. Den vanligaste l\u00e4ngden p\u00e5 en vedklabb ligger p\u00e5 omkring 30-40 cm. Det \u00e4r ocks\u00e5 bra att v\u00e4lja vedklabbarna som har en enhetlig form. 15.\u00a0 Vedbr\u00e4nslet kan ta slut Man ska best\u00e4lla eldveden i tid f\u00f6r den kan ta slut d\u00e5 m\u00e5nga inser att det kommer att bli en kall vinter och vill ha ett<\/p>","protected":false},"author":9,"featured_media":0,"parent":0,"menu_order":0,"comment_status":"closed","ping_status":"closed","template":"","meta":{"footnotes":""},"class_list":["post-13083","page","type-page","status-publish","hentry"],"_links":{"self":[{"href":"https:\/\/www.vedab.se\/en\/wp-json\/wp\/v2\/pages\/13083","targetHints":{"allow":["GET"]}}],"collection":[{"href":"https:\/\/www.vedab.se\/en\/wp-json\/wp\/v2\/pages"}],"about":[{"href":"https:\/\/www.vedab.se\/en\/wp-json\/wp\/v2\/types\/page"}],"author":[{"embeddable":true,"href":"https:\/\/www.vedab.se\/en\/wp-json\/wp\/v2\/users\/9"}],"replies":[{"embeddable":true,"href":"https:\/\/www.vedab.se\/en\/wp-json\/wp\/v2\/comments?post=13083"}],"version-history":[{"count":0,"href":"https:\/\/www.vedab.se\/en\/wp-json\/wp\/v2\/pages\/13083\/revisions"}],"wp:attachment":[{"href":"https:\/\/www.vedab.se\/en\/wp-json\/wp\/v2\/media?parent=13083"}],"curies":[{"name":"wp","href":"https:\/\/api.w.org\/{rel}","templated":true}]}}